{"id":84,"date":"2018-10-09T09:39:26","date_gmt":"2018-10-09T07:39:26","guid":{"rendered":"http:\/\/educacio-economica-recursos-test.uoc.edu\/?page_id=84"},"modified":"2019-03-01T13:00:45","modified_gmt":"2019-03-01T11:00:45","slug":"reflexiones-finales","status":"publish","type":"page","link":"http:\/\/educacio-economica-recursos-test.uoc.edu\/es\/reflexiones-finales\/","title":{"rendered":"Reflexiones finales"},"content":{"rendered":"<h4><strong>\u00bfCu\u00e1l ha sido el contenido del curso?<\/strong><\/h4>\n<p><img loading=\"lazy\" class=\"aligncenter size-full wp-image-85\" src=\"\/wp-content\/uploads\/2018\/10\/edu_econom_09.jpg\" alt=\"\" width=\"580\" height=\"521\" srcset=\"\/wp-content\/uploads\/2018\/10\/edu_econom_09.jpg 580w, \/wp-content\/uploads\/2018\/10\/edu_econom_09-300x269.jpg 300w\" sizes=\"(max-width: 580px) 100vw, 580px\" \/><\/p>\n<h4><strong>Cinco ideas para acabar este curso<\/strong><\/h4>\n<ol>\n<li>Tienes unos <strong>conocimientos b\u00e1sicos<\/strong> que te pueden ayudar a <strong>controlar tu econom\u00eda<\/strong>.<\/li>\n<li><strong>Cuestiona tus decisiones econ\u00f3micas<\/strong> y no caigas en las trampas que pueden empeorar tu situaci\u00f3n econ\u00f3mica.<\/li>\n<li><strong>Impl\u00edcate para desarrollar tus capacidades y la confianza<\/strong> que te ayudar\u00e1n a tomar decisiones m\u00e1s informadas.<\/li>\n<li><strong>Establece h\u00e1bitos positivos en la gesti\u00f3n de tu econom\u00eda<\/strong>. Pon en marcha acciones efectivas que mejoren tu bienestar presente y futuro.<\/li>\n<li><strong>No dejes nunca de aprender ni de cuidar los detalles<\/strong>, recuerda que siempre podemos aprender m\u00e1s.<\/li>\n<\/ol>\n<p><a href=\"https:\/\/goo.gl\/forms\/lYHVjl4AAeEnM7nz1\" target=\"_blank\" rel=\"noopener\">Cuestionario de valoraci\u00f3n.<\/a><\/p>\n","protected":false},"excerpt":{"rendered":"<p>\u00bfCu\u00e1l ha sido el contenido del curso? Cinco ideas para acabar este curso Tienes unos conocimientos b\u00e1sicos que te pueden ayudar a controlar tu econom\u00eda. Cuestiona tus decisiones econ\u00f3micas y no caigas en las trampas que pueden empeorar tu situaci\u00f3n econ\u00f3mica. Impl\u00edcate para desarrollar tus capacidades y la confianza que te ayudar\u00e1n a tomar decisiones [&hellip;]<\/p>\n","protected":false},"author":1,"featured_media":0,"parent":0,"menu_order":81,"comment_status":"closed","ping_status":"closed","template":"","meta":[],"_links":{"self":[{"href":"http:\/\/educacio-economica-recursos-test.uoc.edu\/es\/wp-json\/wp\/v2\/pages\/84"}],"collection":[{"href":"http:\/\/educacio-economica-recursos-test.uoc.edu\/es\/wp-json\/wp\/v2\/pages"}],"about":[{"href":"http:\/\/educacio-economica-recursos-test.uoc.edu\/es\/wp-json\/wp\/v2\/types\/page"}],"author":[{"embeddable":true,"href":"http:\/\/educacio-economica-recursos-test.uoc.edu\/es\/wp-json\/wp\/v2\/users\/1"}],"replies":[{"embeddable":true,"href":"http:\/\/educacio-economica-recursos-test.uoc.edu\/es\/wp-json\/wp\/v2\/comments?post=84"}],"version-history":[{"count":3,"href":"http:\/\/educacio-economica-recursos-test.uoc.edu\/es\/wp-json\/wp\/v2\/pages\/84\/revisions"}],"predecessor-version":[{"id":548,"href":"http:\/\/educacio-economica-recursos-test.uoc.edu\/es\/wp-json\/wp\/v2\/pages\/84\/revisions\/548"}],"wp:attachment":[{"href":"http:\/\/educacio-economica-recursos-test.uoc.edu\/es\/wp-json\/wp\/v2\/media?parent=84"}],"curies":[{"name":"wp","href":"https:\/\/api.w.org\/{rel}","templated":true}]}}