{"id":82,"date":"2018-10-09T09:35:00","date_gmt":"2018-10-09T07:35:00","guid":{"rendered":"http:\/\/educacio-economica-recursos-test.uoc.edu\/?page_id=82"},"modified":"2019-03-01T12:59:59","modified_gmt":"2019-03-01T10:59:59","slug":"2-6-3-tu-jubilacion","status":"publish","type":"page","link":"http:\/\/educacio-economica-recursos-test.uoc.edu\/es\/2-6-3-tu-jubilacion\/","title":{"rendered":"2.6.3. Tu jubilaci\u00f3n"},"content":{"rendered":"<p>Es importante que pienses en <strong>qu\u00e9 necesidades econ\u00f3micas tendr\u00e1s cuando te jubiles<\/strong>. Piensa en la elevada esperanza de vida y en la buena salud f\u00edsica que tienen muchas personas cuando se retiran de la vida laboral. <strong>Planifica tu jubilaci\u00f3n<\/strong>:<\/p>\n<ul>\n<li>Estima tus <strong>fuentes de ingresos futuras<\/strong>, como pensiones p\u00fablicas, otras prestaciones sociales, rentas o ayudas familiares.<\/li>\n<li>Analiza si <strong>podr\u00e1s cubrir tus necesidades<\/strong> con estos ingresos.<\/li>\n<li>Si la respuesta es \u00abno\u00bb, <strong>m\u00e1rcate un objetivo de ahorro y ponlo en marcha lo antes posible<\/strong>. Cuantos m\u00e1s a\u00f1os puedas ahorrar, menos cantidad tendr\u00e1s que sacrificar todos los meses y m\u00e1s ahorro podr\u00e1s acumular.<\/li>\n<\/ul>\n<div class=\"featured featured-blue\"><p><strong>Idea<\/strong><\/p>\n<p>Ser un poco previsor y pensar en tu futuro es el primer paso para estar preparado.<\/p>\n<p>Si eres mujer, recuerda que el hecho de trabajar a jornada parcial o de dejar el trabajo por mucho tiempo para cuidar de alg\u00fan miembro de la familia puede tener consecuencias en tus ingresos futuros. De hecho, tu jubilaci\u00f3n se puede reducir muy significativamente o se puede dar el caso de que no llegues a los a\u00f1os m\u00ednimos para conseguirla.<\/p>\n<p>\n<\/div>\n<p><strong>Ejercicio 10. Mi futuro<\/strong><\/p>\n<p>Vivimos tan aferrados y aferradas al presente, que la mayor\u00eda de decisiones de tipo econ\u00f3mico las tomamos pensando en el futuro m\u00e1s inmediato. En este ejercicio te proponemos que vayas un poco m\u00e1s all\u00e1 y dediques unos minutos a pensar en un futuro m\u00e1s lejano.<\/p>\n<p><a href=\"https:\/\/goo.gl\/forms\/RCKSWu0XQP2YMCrt2\" target=\"_blank\" rel=\"noopener\">Clicar aqu\u00ed para realizar el ejercicio.<\/a><\/p>\n","protected":false},"excerpt":{"rendered":"<p>Es importante que pienses en qu\u00e9 necesidades econ\u00f3micas tendr\u00e1s cuando te jubiles. Piensa en la elevada esperanza de vida y en la buena salud f\u00edsica que tienen muchas personas cuando se retiran de la vida laboral. Planifica tu jubilaci\u00f3n: Estima tus fuentes de ingresos futuras, como pensiones p\u00fablicas, otras prestaciones sociales, rentas o ayudas familiares. [&hellip;]<\/p>\n","protected":false},"author":1,"featured_media":0,"parent":0,"menu_order":80,"comment_status":"closed","ping_status":"closed","template":"","meta":[],"_links":{"self":[{"href":"http:\/\/educacio-economica-recursos-test.uoc.edu\/es\/wp-json\/wp\/v2\/pages\/82"}],"collection":[{"href":"http:\/\/educacio-economica-recursos-test.uoc.edu\/es\/wp-json\/wp\/v2\/pages"}],"about":[{"href":"http:\/\/educacio-economica-recursos-test.uoc.edu\/es\/wp-json\/wp\/v2\/types\/page"}],"author":[{"embeddable":true,"href":"http:\/\/educacio-economica-recursos-test.uoc.edu\/es\/wp-json\/wp\/v2\/users\/1"}],"replies":[{"embeddable":true,"href":"http:\/\/educacio-economica-recursos-test.uoc.edu\/es\/wp-json\/wp\/v2\/comments?post=82"}],"version-history":[{"count":10,"href":"http:\/\/educacio-economica-recursos-test.uoc.edu\/es\/wp-json\/wp\/v2\/pages\/82\/revisions"}],"predecessor-version":[{"id":547,"href":"http:\/\/educacio-economica-recursos-test.uoc.edu\/es\/wp-json\/wp\/v2\/pages\/82\/revisions\/547"}],"wp:attachment":[{"href":"http:\/\/educacio-economica-recursos-test.uoc.edu\/es\/wp-json\/wp\/v2\/media?parent=82"}],"curies":[{"name":"wp","href":"https:\/\/api.w.org\/{rel}","templated":true}]}}