{"id":80,"date":"2018-10-09T09:33:32","date_gmt":"2018-10-09T07:33:32","guid":{"rendered":"http:\/\/educacio-economica-recursos-test.uoc.edu\/?page_id=80"},"modified":"2019-03-01T12:55:27","modified_gmt":"2019-03-01T10:55:27","slug":"2-6-2-preparate-para-lo-imprevisto","status":"publish","type":"page","link":"http:\/\/educacio-economica-recursos-test.uoc.edu\/es\/2-6-2-preparate-para-lo-imprevisto\/","title":{"rendered":"2.6.2. Prep\u00e1rate para lo imprevisto"},"content":{"rendered":"<p>La vida no es un mecanismo perfecto y previsible. Las cosas no van siempre como querr\u00edas. <strong>Los imprevistos son parte de tu d\u00eda a d\u00eda<\/strong>. Puedes tener que sustituir un electrodom\u00e9stico que se ha estropeado, afrontar las consecuencias de una inundaci\u00f3n en casa, perder el trabajo, sufrir un accidente o padecer una enfermedad.<\/p>\n<ul>\n<li><strong>Fondo de emergencia<\/strong>: como viste en el apartado sobre el ahorro, es importante disponer de un dinero al que puedas recurrir si te encuentras en una de estas situaciones:\n<ul>\n<li><strong>Gasto imprevisto<\/strong>: tener que hacer frente a un gasto inesperado. Recuerda que un ahorro de 20 euros al mes durante 12 meses te proporciona bastante dinero para poder cambiar cualquier electrodom\u00e9stico sin tener que endeudarte.<\/li>\n<li><strong>Ca\u00edda de ingresos<\/strong>: perder el trabajo supone una ca\u00edda repentina de ingresos, que puede suavizarse durante unos meses por la prestaci\u00f3n por desempleo. En el caso de los trabajadores aut\u00f3nomos y las trabajadoras aut\u00f3nomas, la irregularidad en los ingresos es un hecho habitual, y tienen que seguir haciendo frente igualmente a sus gastos sin la cobertura de una prestaci\u00f3n por desempleo. En todos los casos de ca\u00edda de ingresos, <strong>disponer de un fondo de emergencia o de ahorros te puede ayudar a superar la situaci\u00f3n durante un tiempo<\/strong>. La recomendaci\u00f3n es que este fondo pueda cubrir los gastos durante un periodo m\u00ednimo de tres meses.<\/li>\n<\/ul>\n<\/li>\n<li><strong>Seguros<\/strong>: son otra herramienta que te permite estar cubierto ante posibles imprevistos. Si vives una situaci\u00f3n econ\u00f3mica delicada y tienes que reducir gastos, resulta muy tentador prescindir de algunos seguros. Algunos de los principales seguros son los siguientes:\n<ul>\n<li><strong>Seguro de hogar<\/strong>: puede suponer un ahorro importante si sufres un siniestro en casa, como una inundaci\u00f3n, un incendio o una bajada de tensi\u00f3n que te estropee diversos aparatos el\u00e9ctricos.<\/li>\n<li><strong>Seguro de coche<\/strong>: es obligatorio si tienes un veh\u00edculo de motor. Es necesario mostrarlo para poder pasar la ITV.<\/li>\n<li><strong>Seguro de vida<\/strong>: nadie quiere pensar en ello, pero un poco de planificaci\u00f3n ahora puede prevenir problemas econ\u00f3micos si alguien se muere, sufre un accidente grave o padece una enfermedad. Si tienes familia, un seguro de vida puede limitar las consecuencias econ\u00f3micas negativas que supondr\u00eda tu ausencia para tu familia.<\/li>\n<\/ul>\n<\/li>\n<\/ul>\n","protected":false},"excerpt":{"rendered":"<p>La vida no es un mecanismo perfecto y previsible. Las cosas no van siempre como querr\u00edas. Los imprevistos son parte de tu d\u00eda a d\u00eda. Puedes tener que sustituir un electrodom\u00e9stico que se ha estropeado, afrontar las consecuencias de una inundaci\u00f3n en casa, perder el trabajo, sufrir un accidente o padecer una enfermedad. Fondo de [&hellip;]<\/p>\n","protected":false},"author":1,"featured_media":0,"parent":0,"menu_order":78,"comment_status":"closed","ping_status":"closed","template":"","meta":[],"_links":{"self":[{"href":"http:\/\/educacio-economica-recursos-test.uoc.edu\/es\/wp-json\/wp\/v2\/pages\/80"}],"collection":[{"href":"http:\/\/educacio-economica-recursos-test.uoc.edu\/es\/wp-json\/wp\/v2\/pages"}],"about":[{"href":"http:\/\/educacio-economica-recursos-test.uoc.edu\/es\/wp-json\/wp\/v2\/types\/page"}],"author":[{"embeddable":true,"href":"http:\/\/educacio-economica-recursos-test.uoc.edu\/es\/wp-json\/wp\/v2\/users\/1"}],"replies":[{"embeddable":true,"href":"http:\/\/educacio-economica-recursos-test.uoc.edu\/es\/wp-json\/wp\/v2\/comments?post=80"}],"version-history":[{"count":3,"href":"http:\/\/educacio-economica-recursos-test.uoc.edu\/es\/wp-json\/wp\/v2\/pages\/80\/revisions"}],"predecessor-version":[{"id":411,"href":"http:\/\/educacio-economica-recursos-test.uoc.edu\/es\/wp-json\/wp\/v2\/pages\/80\/revisions\/411"}],"wp:attachment":[{"href":"http:\/\/educacio-economica-recursos-test.uoc.edu\/es\/wp-json\/wp\/v2\/media?parent=80"}],"curies":[{"name":"wp","href":"https:\/\/api.w.org\/{rel}","templated":true}]}}