{"id":77,"date":"2018-10-08T16:42:01","date_gmt":"2018-10-08T14:42:01","guid":{"rendered":"http:\/\/educacio-economica-recursos-test.uoc.edu\/?page_id=77"},"modified":"2019-03-01T12:54:41","modified_gmt":"2019-03-01T10:54:41","slug":"2-6-1-tu-economia-y-el-futuro","status":"publish","type":"page","link":"http:\/\/educacio-economica-recursos-test.uoc.edu\/es\/2-6-1-tu-economia-y-el-futuro\/","title":{"rendered":"2.6.1. Tu econom\u00eda y el futuro"},"content":{"rendered":"<blockquote><p>No hay que esperar al futuro para pensar en el futuro.<\/p><\/blockquote>\n<p>&nbsp;<\/p>\n<p>Tienes unas <strong>necesidades econ\u00f3micas que tendr\u00e1s que seguir cubriendo a medida que pase el tiempo<\/strong>, y cada vez vivimos m\u00e1s a\u00f1os. La esperanza de vida en Catalu\u00f1a es de unos 86 a\u00f1os para las mujeres y de 80 a\u00f1os para los hombres. Por tanto, es importante que pienses en <strong>tu situaci\u00f3n econ\u00f3mica futura<\/strong>.<\/p>\n<p>Seguro que cuando te hablan de futuro, del d\u00eda de ma\u00f1ana, piensas en la jubilaci\u00f3n. Pero desde la perspectiva de tu econom\u00eda personal y familiar, <strong>pensar en el futuro va m\u00e1s all\u00e1 de pensar en tu vida cuando seas mayor<\/strong>.<\/p>\n<p>Hazte algunas preguntas:<\/p>\n<ul>\n<li>\u00bfPuede pasar <strong>algo inesperado<\/strong> que comprometa tu situaci\u00f3n econ\u00f3mica futura?<\/li>\n<li>\u00bf<strong>El futuro de tu familia<\/strong> est\u00e1 asegurado si t\u00fa no est\u00e1s? \u00bfY si tu pareja no est\u00e1?<\/li>\n<li>\u00bfC\u00f3mo ser\u00e1 <strong>tu jubilaci\u00f3n<\/strong>?<\/li>\n<\/ul>\n<p>Pensar en el futuro es hacerte preguntas como <strong>\u00ab\u00bfqu\u00e9 pasar\u00eda si&#8230;?\u00bb<\/strong>, y sobre todo <strong>pasar a la acci\u00f3n para encontrar las mejores respuestas<\/strong>.<\/p>\n","protected":false},"excerpt":{"rendered":"<p>No hay que esperar al futuro para pensar en el futuro. &nbsp; Tienes unas necesidades econ\u00f3micas que tendr\u00e1s que seguir cubriendo a medida que pase el tiempo, y cada vez vivimos m\u00e1s a\u00f1os. La esperanza de vida en Catalu\u00f1a es de unos 86 a\u00f1os para las mujeres y de 80 a\u00f1os para los hombres. Por [&hellip;]<\/p>\n","protected":false},"author":1,"featured_media":0,"parent":0,"menu_order":78,"comment_status":"closed","ping_status":"closed","template":"","meta":[],"_links":{"self":[{"href":"http:\/\/educacio-economica-recursos-test.uoc.edu\/es\/wp-json\/wp\/v2\/pages\/77"}],"collection":[{"href":"http:\/\/educacio-economica-recursos-test.uoc.edu\/es\/wp-json\/wp\/v2\/pages"}],"about":[{"href":"http:\/\/educacio-economica-recursos-test.uoc.edu\/es\/wp-json\/wp\/v2\/types\/page"}],"author":[{"embeddable":true,"href":"http:\/\/educacio-economica-recursos-test.uoc.edu\/es\/wp-json\/wp\/v2\/users\/1"}],"replies":[{"embeddable":true,"href":"http:\/\/educacio-economica-recursos-test.uoc.edu\/es\/wp-json\/wp\/v2\/comments?post=77"}],"version-history":[{"count":4,"href":"http:\/\/educacio-economica-recursos-test.uoc.edu\/es\/wp-json\/wp\/v2\/pages\/77\/revisions"}],"predecessor-version":[{"id":475,"href":"http:\/\/educacio-economica-recursos-test.uoc.edu\/es\/wp-json\/wp\/v2\/pages\/77\/revisions\/475"}],"wp:attachment":[{"href":"http:\/\/educacio-economica-recursos-test.uoc.edu\/es\/wp-json\/wp\/v2\/media?parent=77"}],"curies":[{"name":"wp","href":"https:\/\/api.w.org\/{rel}","templated":true}]}}