{"id":73,"date":"2018-10-08T16:40:35","date_gmt":"2018-10-08T14:40:35","guid":{"rendered":"http:\/\/educacio-economica-recursos-test.uoc.edu\/?page_id=73"},"modified":"2019-03-01T12:58:30","modified_gmt":"2019-03-01T10:58:30","slug":"2-5-2-el-sobreendeudamiento","status":"publish","type":"page","link":"http:\/\/educacio-economica-recursos-test.uoc.edu\/es\/2-5-2-el-sobreendeudamiento\/","title":{"rendered":"2.5.2. El sobreendeudamiento"},"content":{"rendered":"<p>El problema del sobreendeudamiento surge cuando una persona o familia lleva <strong>un tiempo sin poder pagar sus deudas<\/strong>. Las causas de estas situaciones son diversas. En muchos casos coinciden la ca\u00edda de ingresos por desempleo o enfermedad con un exceso de deudas.<\/p>\n<p>Cuando llevas un tiempo en esta situaci\u00f3n, <strong>las cosas pueden ir a peor<\/strong> por la acumulaci\u00f3n continuada de cuotas impagadas y recargos por impago. Un efecto bola de nieve del que puede resultar muy dif\u00edcil escaparse.<\/p>\n<p>Por eso, si sufres sobreendeudamiento, se recomienda seguir los siguientes pasos:<\/p>\n<ul>\n<li><strong>No evites el problema<\/strong> y act\u00faa con la cabeza fr\u00eda (controla tus emociones).<\/li>\n<li><strong>Revisa a fondo el presupuesto personal o familiar<\/strong>. \u00bfPuedes recortar algunos gastos? \u00bfPuedes aumentar tus ingresos?<\/li>\n<li><strong>Haz una lista de tus deudas<\/strong> (importes, vencimientos, intereses, cuotas mensuales) y clasif\u00edcalos. Te conviene eliminar especialmente las deudas con inter\u00e9s elevado y vencimiento a corto plazo (tarjetas de cr\u00e9dito, pr\u00e9stamos al consumo).<\/li>\n<li><strong>Negocia la deuda<\/strong>. Una vez has clasificado la deuda, puedes hablar con el banco y ver si te puede ayudar a reestructurar tu deuda, de manera que se reduzcan las cuotas mensuales y la presi\u00f3n sobre tu presupuesto.<\/li>\n<li><strong>Ac\u00f3gete a la Ley de la segunda oportunidad<\/strong>. Si nada de eso funciona, puedes tratar de acogerte a esta ley, que puede llegar a exonerarte de tus deudas si cumples los requisitos para ser declarado insolvente y entrar en concurso de acreedores como persona f\u00edsica.<\/li>\n<\/ul>\n<div class=\"featured featured-blue\"><p><strong>Idea<\/strong><\/p>\n<p><strong>Comprar a cr\u00e9dito puede ser una trampa<\/strong>. En el momento de hacer la compra quiz\u00e1s no pagues nada, pero pagar\u00e1s una cuota mensual durante unos cuantos meses (o a\u00f1os), que aumentar\u00e1 tus gastos y reducir\u00e1 <strong>tu capacidad de ahorro, y tu econom\u00eda personal y familiar lo notar\u00e1 negativamente<\/strong>. Procura no endeudarte para comprar cosas que no sean realmente necesarias.<\/p>\n<p>\n<\/div>\n<p><strong>Ejercicio 9. Endeudados\/as<\/strong><\/p>\n<p>Para evitar el sobreendeudamiento hay que saber distinguir entre endeudamiento razonable y endeudamiento peligroso. En este ejercicio se presentan diversos casos en los que varias personas con unas circunstancias determinadas tienen que tomar una decisi\u00f3n de consumo que puede comportar un endeudamiento. T\u00fa tienes que ayudarlos a escoger.<\/p>\n<p><a href=\"https:\/\/goo.gl\/forms\/6EwYF3LjG8hXkRR52\" target=\"_blank\" rel=\"noopener\">Clicar aqu\u00ed para realizar el ejercicio.<\/a><\/p>\n","protected":false},"excerpt":{"rendered":"<p>El problema del sobreendeudamiento surge cuando una persona o familia lleva un tiempo sin poder pagar sus deudas. Las causas de estas situaciones son diversas. En muchos casos coinciden la ca\u00edda de ingresos por desempleo o enfermedad con un exceso de deudas. Cuando llevas un tiempo en esta situaci\u00f3n, las cosas pueden ir a peor [&hellip;]<\/p>\n","protected":false},"author":1,"featured_media":0,"parent":0,"menu_order":46,"comment_status":"closed","ping_status":"closed","template":"","meta":[],"_links":{"self":[{"href":"http:\/\/educacio-economica-recursos-test.uoc.edu\/es\/wp-json\/wp\/v2\/pages\/73"}],"collection":[{"href":"http:\/\/educacio-economica-recursos-test.uoc.edu\/es\/wp-json\/wp\/v2\/pages"}],"about":[{"href":"http:\/\/educacio-economica-recursos-test.uoc.edu\/es\/wp-json\/wp\/v2\/types\/page"}],"author":[{"embeddable":true,"href":"http:\/\/educacio-economica-recursos-test.uoc.edu\/es\/wp-json\/wp\/v2\/users\/1"}],"replies":[{"embeddable":true,"href":"http:\/\/educacio-economica-recursos-test.uoc.edu\/es\/wp-json\/wp\/v2\/comments?post=73"}],"version-history":[{"count":10,"href":"http:\/\/educacio-economica-recursos-test.uoc.edu\/es\/wp-json\/wp\/v2\/pages\/73\/revisions"}],"predecessor-version":[{"id":546,"href":"http:\/\/educacio-economica-recursos-test.uoc.edu\/es\/wp-json\/wp\/v2\/pages\/73\/revisions\/546"}],"wp:attachment":[{"href":"http:\/\/educacio-economica-recursos-test.uoc.edu\/es\/wp-json\/wp\/v2\/media?parent=73"}],"curies":[{"name":"wp","href":"https:\/\/api.w.org\/{rel}","templated":true}]}}