{"id":71,"date":"2018-10-08T16:39:17","date_gmt":"2018-10-08T14:39:17","guid":{"rendered":"http:\/\/educacio-economica-recursos-test.uoc.edu\/?page_id=71"},"modified":"2019-03-01T12:57:55","modified_gmt":"2019-03-01T10:57:55","slug":"2-5-1-el-endeudamiento","status":"publish","type":"page","link":"http:\/\/educacio-economica-recursos-test.uoc.edu\/es\/2-5-1-el-endeudamiento\/","title":{"rendered":"2.5.1. El endeudamiento"},"content":{"rendered":"<blockquote><p>Contraer una deuda es mucho m\u00e1s f\u00e1cil y r\u00e1pido que devolverla.<\/p><\/blockquote>\n<p>&nbsp;<\/p>\n<p>El endeudamiento es un instrumento que te <strong>proporciona un dinero que no tienes<\/strong>, y despu\u00e9s dispones de unos meses o a\u00f1os para devolverlos a quien te los ha dejado, pagando <strong>unos intereses a cambio<\/strong>. El tipo de inter\u00e9s es el precio que pagas por el dinero que te han dejado.<\/p>\n<h4><strong>\u00bfEn qu\u00e9 momentos de la vida te endeudas?<\/strong><\/h4>\n<ul>\n<li>De manera m\u00e1s puntual, cuando tienes que <strong>comprar algo que cuesta mucho dinero<\/strong>, como un piso o un coche, y no tienes el dinero para pagarlo.<\/li>\n<li>Pero tambi\u00e9n de forma m\u00e1s habitual, cuando tienes que <strong>afrontar un gasto cualquiera que no puedes pagar<\/strong>. Piensa que pagar con tarjeta de cr\u00e9dito es una forma cotidiana de endeudarte.<\/li>\n<\/ul>\n<p>En cualquiera de los dos casos tienes que estar muy alerta. Antes de endeudarte con un cr\u00e9dito, sigue los siguientes pasos:<\/p>\n<ul>\n<li><strong>Preg\u00fantate si realmente necesitas gastar ese dinero<\/strong>. \u00bfTe est\u00e1s endeudando para hacer una compra prescindible?<\/li>\n<li><strong>Estudia en qu\u00e9 momento lo necesitas<\/strong>. \u00bfPuedes esperar? \u00bfPodr\u00edas ahorrar durante un tiempo y hacer la compra m\u00e1s adelante sin endeudarte?<\/li>\n<li><strong>Compara el coste de comprar a cr\u00e9dito<\/strong> con el coste de comprar en efectivo. \u00bfCu\u00e1l es el precio final de tu compra contando los intereses?<\/li>\n<li>Si decides endeudarte, <strong>analiza a fondo si podr\u00e1s pagar las cuotas mensuales del cr\u00e9dito<\/strong>. \u00bfTendr\u00e1s que prescindir de alg\u00fan gasto necesario para pagar la deuda?<\/li>\n<\/ul>\n<div class=\"featured featured-blue\"><p><strong>La mejor prevenci\u00f3n para evitar situaciones de exceso de endeudamiento es seguir con rigor estos pasos<\/strong>. Al mismo tiempo, <strong>no dejes de estudiar en detalle tu presupuesto<\/strong> personal o familiar, con el objetivo de identificar posibles gastos prescindibles que podr\u00edas recortar y que te proporcionar\u00edan el coj\u00edn necesario para hacer frente a futuros gastos necesarios.<\/p>\n<\/div>\n<p><strong>Ejercicio 8. Criterios de endeudamiento<\/strong><\/p>\n<p>Mediante este ejercicio, reflexiona sobre tus criterios para endeudarte.<\/p>\n<p><a href=\"https:\/\/goo.gl\/forms\/duUKAllMjUpD0ejC3\" target=\"_blank\" rel=\"noopener\">Clicar aqu\u00ed para realizar el ejercicio.<\/a><\/p>\n","protected":false},"excerpt":{"rendered":"<p>Contraer una deuda es mucho m\u00e1s f\u00e1cil y r\u00e1pido que devolverla. &nbsp; El endeudamiento es un instrumento que te proporciona un dinero que no tienes, y despu\u00e9s dispones de unos meses o a\u00f1os para devolverlos a quien te los ha dejado, pagando unos intereses a cambio. El tipo de inter\u00e9s es el precio que pagas [&hellip;]<\/p>\n","protected":false},"author":1,"featured_media":0,"parent":0,"menu_order":44,"comment_status":"closed","ping_status":"closed","template":"","meta":[],"_links":{"self":[{"href":"http:\/\/educacio-economica-recursos-test.uoc.edu\/es\/wp-json\/wp\/v2\/pages\/71"}],"collection":[{"href":"http:\/\/educacio-economica-recursos-test.uoc.edu\/es\/wp-json\/wp\/v2\/pages"}],"about":[{"href":"http:\/\/educacio-economica-recursos-test.uoc.edu\/es\/wp-json\/wp\/v2\/types\/page"}],"author":[{"embeddable":true,"href":"http:\/\/educacio-economica-recursos-test.uoc.edu\/es\/wp-json\/wp\/v2\/users\/1"}],"replies":[{"embeddable":true,"href":"http:\/\/educacio-economica-recursos-test.uoc.edu\/es\/wp-json\/wp\/v2\/comments?post=71"}],"version-history":[{"count":9,"href":"http:\/\/educacio-economica-recursos-test.uoc.edu\/es\/wp-json\/wp\/v2\/pages\/71\/revisions"}],"predecessor-version":[{"id":545,"href":"http:\/\/educacio-economica-recursos-test.uoc.edu\/es\/wp-json\/wp\/v2\/pages\/71\/revisions\/545"}],"wp:attachment":[{"href":"http:\/\/educacio-economica-recursos-test.uoc.edu\/es\/wp-json\/wp\/v2\/media?parent=71"}],"curies":[{"name":"wp","href":"https:\/\/api.w.org\/{rel}","templated":true}]}}