{"id":67,"date":"2018-10-08T16:34:26","date_gmt":"2018-10-08T14:34:26","guid":{"rendered":"http:\/\/educacio-economica-recursos-test.uoc.edu\/?page_id=67"},"modified":"2019-03-01T12:57:19","modified_gmt":"2019-03-01T10:57:19","slug":"2-4-3-que-habitos-tienes-que-desarrollar","status":"publish","type":"page","link":"http:\/\/educacio-economica-recursos-test.uoc.edu\/es\/2-4-3-que-habitos-tienes-que-desarrollar\/","title":{"rendered":"2.4.3. \u00bfQu\u00e9 h\u00e1bitos tienes que desarrollar?"},"content":{"rendered":"<ul>\n<li><strong>Fijar objetivos de ahorro realistas<\/strong>&#8230; e ir revis\u00e1ndolos.<\/li>\n<li><strong>Establecer un objetivo de ahorro mensual<\/strong>\u2026 y cumplirlo como si se tratara de un gasto.<\/li>\n<li><strong>Reflexionar antes de hacer un gasto<\/strong>.<\/li>\n<li><strong>Evitar la compra compulsiva<\/strong>.<\/li>\n<li><strong>Realizar un presupuesto personal o familiar<\/strong>\u2026 y hacerle un seguimiento.<\/li>\n<\/ul>\n<div class=\"featured featured-blue\"><p>Preg\u00fantate c\u00f3mo negociamos con el resto de la familia qu\u00e9 ahorro hacemos en casa. \u00bfCu\u00e1les son nuestras prioridades? \u00bfTenemos unos objetivos comunes?<\/p>\n<\/div>\n<p><strong>Ejercicio 6. \u00bfCu\u00e1nto gano realmente?<\/strong><\/p>\n<p><a href=\"https:\/\/goo.gl\/forms\/3HZ3SJHPJQRk0onN2\" target=\"_blank\" rel=\"noopener\">Clicar aqu\u00ed para realizar el ejercicio.<\/a><\/p>\n<div class=\"featured featured-blue\"><p><strong>Idea<\/strong><\/p>\n<p><strong>Ahorrar no es incompatible con \u00abvivir la vida\u00bb<\/strong>. De hecho, si desarrollas el h\u00e1bito de ahorrar, aunque sean cantidades peque\u00f1as, quiz\u00e1s no desaparezcan tus preocupaciones econ\u00f3micas, pero seguro que se reducir\u00e1n, y mejorar\u00e1 tu bienestar personal.<\/p>\n<p>\n<\/div>\n<p><strong>Ejercicio 7. Ay\u00fadame a ahorrar<\/strong><\/p>\n<p>El objetivo de ahorrar pasa por cuidar los detalles en tu d\u00eda a d\u00eda. En este ejercicio te proponemos que reflexiones sobre los gastos cotidianos de una persona y los analices, y que reflexiones sobre sus opciones de ahorro. Ver\u00e1s como los peque\u00f1os cambios pueden empezar a marcar la diferencia.<\/p>\n<p><a href=\"https:\/\/goo.gl\/forms\/FEOSDQxCY5kLbkmD3\" target=\"_blank\" rel=\"noopener\">Clicar aqu\u00ed para realizar el ejercicio.<\/a><\/p>\n","protected":false},"excerpt":{"rendered":"<p>Fijar objetivos de ahorro realistas&#8230; e ir revis\u00e1ndolos. Establecer un objetivo de ahorro mensual\u2026 y cumplirlo como si se tratara de un gasto. Reflexionar antes de hacer un gasto. Evitar la compra compulsiva. Realizar un presupuesto personal o familiar\u2026 y hacerle un seguimiento. Ejercicio 6. \u00bfCu\u00e1nto gano realmente? Clicar aqu\u00ed para realizar el ejercicio. Ejercicio [&hellip;]<\/p>\n","protected":false},"author":1,"featured_media":0,"parent":0,"menu_order":40,"comment_status":"closed","ping_status":"closed","template":"","meta":[],"_links":{"self":[{"href":"http:\/\/educacio-economica-recursos-test.uoc.edu\/es\/wp-json\/wp\/v2\/pages\/67"}],"collection":[{"href":"http:\/\/educacio-economica-recursos-test.uoc.edu\/es\/wp-json\/wp\/v2\/pages"}],"about":[{"href":"http:\/\/educacio-economica-recursos-test.uoc.edu\/es\/wp-json\/wp\/v2\/types\/page"}],"author":[{"embeddable":true,"href":"http:\/\/educacio-economica-recursos-test.uoc.edu\/es\/wp-json\/wp\/v2\/users\/1"}],"replies":[{"embeddable":true,"href":"http:\/\/educacio-economica-recursos-test.uoc.edu\/es\/wp-json\/wp\/v2\/comments?post=67"}],"version-history":[{"count":11,"href":"http:\/\/educacio-economica-recursos-test.uoc.edu\/es\/wp-json\/wp\/v2\/pages\/67\/revisions"}],"predecessor-version":[{"id":544,"href":"http:\/\/educacio-economica-recursos-test.uoc.edu\/es\/wp-json\/wp\/v2\/pages\/67\/revisions\/544"}],"wp:attachment":[{"href":"http:\/\/educacio-economica-recursos-test.uoc.edu\/es\/wp-json\/wp\/v2\/media?parent=67"}],"curies":[{"name":"wp","href":"https:\/\/api.w.org\/{rel}","templated":true}]}}