{"id":65,"date":"2018-10-08T16:31:15","date_gmt":"2018-10-08T14:31:15","guid":{"rendered":"http:\/\/educacio-economica-recursos-test.uoc.edu\/?page_id=65"},"modified":"2019-03-01T12:55:02","modified_gmt":"2019-03-01T10:55:02","slug":"2-4-2-como-puedes-empezar-a-ahorrar","status":"publish","type":"page","link":"http:\/\/educacio-economica-recursos-test.uoc.edu\/es\/2-4-2-como-puedes-empezar-a-ahorrar\/","title":{"rendered":"2.4.2. \u00bfC\u00f3mo puedes empezar a ahorrar?"},"content":{"rendered":"<ul>\n<li><strong>Fija un objetivo de ahorro mensual<\/strong>. Tienes que tener claro que <strong>siempre vale la pena ahorrar<\/strong>, por peque\u00f1a que sea la cantidad que te puedas permitir ahorrar despu\u00e9s de analizar tu presupuesto. <strong>Es m\u00e1s importante adoptar el h\u00e1bito que la cantidad que ahorres<\/strong>. Por ejemplo: si ahorras 20 euros al mes, en un a\u00f1o habr\u00e1s reunido el dinero que te costar\u00e1 reemplazar un electrodom\u00e9stico viejo cuando deje de funcionar.<\/li>\n<li><strong>Tener un fondo de emergencia<\/strong>. El dinero que vayas ahorrando se ir\u00e1 acumulando en un fondo que te permitir\u00e1 <strong>hacer frente a gastos imprevistos o a periodos de ca\u00edda de ingresos<\/strong>, lo que te evitar\u00e1 el coste de endeudarte con un pr\u00e9stamo al consumo o pagando a plazo con la tarjeta de cr\u00e9dito. La recomendaci\u00f3n habitual es que este fondo de emergencia llegue a representar entre 3 y 6 meses de tus ingresos personales o familiares, de manera que pueda cubrir tus necesidades durante este tiempo. Acumular todo este ahorro <strong>no es un objetivo nada sencillo<\/strong>, hazlo poco a poco.<\/li>\n<\/ul>\n","protected":false},"excerpt":{"rendered":"<p>Fija un objetivo de ahorro mensual. Tienes que tener claro que siempre vale la pena ahorrar, por peque\u00f1a que sea la cantidad que te puedas permitir ahorrar despu\u00e9s de analizar tu presupuesto. Es m\u00e1s importante adoptar el h\u00e1bito que la cantidad que ahorres. Por ejemplo: si ahorras 20 euros al mes, en un a\u00f1o habr\u00e1s [&hellip;]<\/p>\n","protected":false},"author":1,"featured_media":0,"parent":0,"menu_order":38,"comment_status":"closed","ping_status":"closed","template":"","meta":[],"_links":{"self":[{"href":"http:\/\/educacio-economica-recursos-test.uoc.edu\/es\/wp-json\/wp\/v2\/pages\/65"}],"collection":[{"href":"http:\/\/educacio-economica-recursos-test.uoc.edu\/es\/wp-json\/wp\/v2\/pages"}],"about":[{"href":"http:\/\/educacio-economica-recursos-test.uoc.edu\/es\/wp-json\/wp\/v2\/types\/page"}],"author":[{"embeddable":true,"href":"http:\/\/educacio-economica-recursos-test.uoc.edu\/es\/wp-json\/wp\/v2\/users\/1"}],"replies":[{"embeddable":true,"href":"http:\/\/educacio-economica-recursos-test.uoc.edu\/es\/wp-json\/wp\/v2\/comments?post=65"}],"version-history":[{"count":2,"href":"http:\/\/educacio-economica-recursos-test.uoc.edu\/es\/wp-json\/wp\/v2\/pages\/65\/revisions"}],"predecessor-version":[{"id":406,"href":"http:\/\/educacio-economica-recursos-test.uoc.edu\/es\/wp-json\/wp\/v2\/pages\/65\/revisions\/406"}],"wp:attachment":[{"href":"http:\/\/educacio-economica-recursos-test.uoc.edu\/es\/wp-json\/wp\/v2\/media?parent=65"}],"curies":[{"name":"wp","href":"https:\/\/api.w.org\/{rel}","templated":true}]}}