{"id":53,"date":"2018-10-08T16:26:22","date_gmt":"2018-10-08T14:26:22","guid":{"rendered":"http:\/\/educacio-economica-recursos-test.uoc.edu\/?page_id=53"},"modified":"2019-03-01T12:56:10","modified_gmt":"2019-03-01T10:56:10","slug":"2-3-2-como-puedes-reducir-gastos","status":"publish","type":"page","link":"http:\/\/educacio-economica-recursos-test.uoc.edu\/es\/2-3-2-como-puedes-reducir-gastos\/","title":{"rendered":"2.3.2. \u00bfC\u00f3mo puedes reducir gastos?"},"content":{"rendered":"<p>En el apartado sobre el presupuesto, has visto que una vez realizado el presupuesto se pueden dar tres situaciones: <strong>los gastos pueden ser superiores, iguales o inferiores a tus ingresos<\/strong>.<\/p>\n<p>Eso determina en buena parte tu situaci\u00f3n econ\u00f3mica. En todos los casos, es recomendable que te acostumbres a <strong>evaluar de forma cr\u00edtica tus gastos<\/strong>, que valores siempre su <strong>necesidad<\/strong> y que no gastes solo porque te lo puedes permitir.<\/p>\n<p><strong>Cuando gastas m\u00e1s de lo que ingresas es necesario poner el foco en los gastos y buscar la manera de reducirlos<\/strong>. \u00bfC\u00f3mo puedes hacerlo?<\/p>\n<ul>\n<li><strong>M\u00e1rcate un objetivo<\/strong>: el primer paso es fijar la cantidad que quieres reducir. No importa tanto el importe como el hecho de marcarte un objetivo. Por ejemplo: te puedes proponer como objetivo gastar un 10 % menos cada mes, o puedes reducir 20 euros tu gasto mensual.<\/li>\n<li><strong>Establece criterios que te permitan priorizar los gastos<\/strong>: el segundo paso es identificar qu\u00e9 gastos puedes reducir. Como es l\u00f3gico, empezar\u00e1s por la parte superior de la pir\u00e1mide, donde se encuentran los gastos prescindibles, sin em- bargo, <strong>piensa en lo que es importante para ti<\/strong>. Quiz\u00e1s hay gastos prescindibles de los que no quieres prescindir, y puedes encontrar maneras de reducir gastos obligatorios necesarios. Por ejemplo: puedes reducir 20 euros el gasto mensual dejando de ir a la peluquer\u00eda, pero estar\u00eda mucho mejor conseguirlo con una rebaja de 20 euros de la factura del tel\u00e9fono.<\/li>\n<li><strong>Reduce gastos prescindibles<\/strong>: c\u00e9ntrate sobre todo en los <strong>gastos superfluos que no contribuyen a tu bienestar<\/strong>, y que en muchas ocasiones son una suma de peque\u00f1os gastos cotidianos que vamos haciendo sin darnos cuenta, pero que a fin de mes suponen bastante dinero. Por ejemplo: puedes ahorrar f\u00e1cilmente 20 euros cada mes si desayunas en casa en lugar de en el bar.<\/li>\n<li><strong>Reduce gastos ocasionales<\/strong>: si tienes que ajustar tu econom\u00eda, piensa en reducir los gastos puntuales no obligatorios. Eso te puede permitir <strong>ahorrar sin tener que recortar gastos esenciales<\/strong>. Por ejemplo: puedes reducir el gasto en vacaciones y regalos.<\/li>\n<li><strong>Reduce gastos variables necesarios<\/strong>: aunque son necesarios, este tipo de gastos permiten <strong>bastante margen de maniobra a la hora de ahorrar<\/strong>. Por ejemplo: cambiar de compa\u00f1\u00eda de tel\u00e9fono, reducir el gasto en ropa, hacer la compra en un supermercado m\u00e1s econ\u00f3mico o cambiar el transporte privado por el p\u00fablico.<\/li>\n<li><strong>Reduce gastos fijos obligatorios<\/strong>: estos son los gastos m\u00e1s dif\u00edciles de ajustar, y tambi\u00e9n los que se dejan para casos extremos. Por ejemplo: cambiar de piso para conseguir un alquiler m\u00e1s barato.<\/li>\n<li><strong>Evita endeudarte para cubrir gastos habituales<\/strong>: finalmente, es importante no recurrir al cr\u00e9dito para evitar reducir gastos. A la larga, el problema no se habr\u00e1 solucionado y podemos caer en una situaci\u00f3n de sobreendeudamiento cada vez m\u00e1s dif\u00edcil de superar. Hay que recordar tambi\u00e9n que <strong>los pr\u00e9stamos son gastos fijos obligatorios<\/strong>, se encuentran en la base de la pir\u00e1mide, y dejar de pagarlos puede generar muchos problemas. Por ejemplo: endeudarte con la tarjeta de cr\u00e9dito para comprar ropa o aparatos electr\u00f3nicos.<\/li>\n<\/ul>\n<div class=\"featured featured-grey\"><\/p>\n<p><strong>Algunos consejos para gastar menos:<\/strong><\/p>\n<ul>\n<li>No compres cosas que no necesitas.<\/li>\n<li>Ves al supermercado (y a todas partes) con una lista de la compra.<\/li>\n<li>Procura hacer las compras habituales pagando en efectivo o con tarjeta de d\u00e9bito.<\/li>\n<li>No hagas compras a plazos que no sean realmente imprescindibles, aunque te digan que no pagar\u00e1s intereses.<\/li>\n<li>Bebe agua del grifo (te hace ahorrar dinero y reduces el consumo de pl\u00e1stico).<\/li>\n<li>Desayuna en casa.<\/li>\n<li>Prepara una fiambrera para las comidas.<\/li>\n<li>Controla los gastos de las fiestas familiares (comidas, bebidas y regalos).<\/li>\n<li>Vigila con las compras por internet.<\/li>\n<li>Compara precios de todo antes de comprar (suministros, tel\u00e9fono, alimentaci\u00f3n y bebidas, ropa, aparatos tecnol\u00f3gicos, electrodom\u00e9sticos&#8230;).<\/li>\n<\/ul>\n<p>\n<\/div>\n<div class=\"featured featured-blue\"><p><strong>Idea<\/strong><\/p>\n<p><strong>Acost\u00fambrate a tener un presupuesto para tus gastos, y no gastes m\u00e1s de lo previsto<\/strong>. Pon un l\u00edmite a los gastos que no hayas planificado.<\/p>\n<p>\n<\/div>\n<p><strong>Ejercicio 5. Clasificamos los gastos<\/strong><\/p>\n<p>Cuando haces un presupuesto, es importante tener claros los criterios para ordenar los gastos. Este es un paso imprescindible antes de tomar decisiones de ahorro. A continuaci\u00f3n clasificar\u00e1s los gastos de una familia seg\u00fan su obligatoriedad y tambi\u00e9n reflexionar\u00e1s sobre su importancia. A veces hay gastos no obligatorios que pueden ser muy importantes para nosotros.<\/p>\n<p><a href=\"https:\/\/goo.gl\/forms\/Ku7GgbU2lxQ1NR022\" target=\"_blank\" rel=\"noopener\">Clicar aqu\u00ed para realizar el ejercicio.<\/a><\/p>\n","protected":false},"excerpt":{"rendered":"<p>En el apartado sobre el presupuesto, has visto que una vez realizado el presupuesto se pueden dar tres situaciones: los gastos pueden ser superiores, iguales o inferiores a tus ingresos. Eso determina en buena parte tu situaci\u00f3n econ\u00f3mica. En todos los casos, es recomendable que te acostumbres a evaluar de forma cr\u00edtica tus gastos, que [&hellip;]<\/p>\n","protected":false},"author":1,"featured_media":0,"parent":0,"menu_order":32,"comment_status":"closed","ping_status":"closed","template":"","meta":[],"_links":{"self":[{"href":"http:\/\/educacio-economica-recursos-test.uoc.edu\/es\/wp-json\/wp\/v2\/pages\/53"}],"collection":[{"href":"http:\/\/educacio-economica-recursos-test.uoc.edu\/es\/wp-json\/wp\/v2\/pages"}],"about":[{"href":"http:\/\/educacio-economica-recursos-test.uoc.edu\/es\/wp-json\/wp\/v2\/types\/page"}],"author":[{"embeddable":true,"href":"http:\/\/educacio-economica-recursos-test.uoc.edu\/es\/wp-json\/wp\/v2\/users\/1"}],"replies":[{"embeddable":true,"href":"http:\/\/educacio-economica-recursos-test.uoc.edu\/es\/wp-json\/wp\/v2\/comments?post=53"}],"version-history":[{"count":15,"href":"http:\/\/educacio-economica-recursos-test.uoc.edu\/es\/wp-json\/wp\/v2\/pages\/53\/revisions"}],"predecessor-version":[{"id":543,"href":"http:\/\/educacio-economica-recursos-test.uoc.edu\/es\/wp-json\/wp\/v2\/pages\/53\/revisions\/543"}],"wp:attachment":[{"href":"http:\/\/educacio-economica-recursos-test.uoc.edu\/es\/wp-json\/wp\/v2\/media?parent=53"}],"curies":[{"name":"wp","href":"https:\/\/api.w.org\/{rel}","templated":true}]}}