{"id":50,"date":"2018-10-08T16:24:59","date_gmt":"2018-10-08T14:24:59","guid":{"rendered":"http:\/\/educacio-economica-recursos-test.uoc.edu\/?page_id=50"},"modified":"2019-03-01T12:54:58","modified_gmt":"2019-03-01T10:54:58","slug":"2-3-1-tipos-de-gastos","status":"publish","type":"page","link":"http:\/\/educacio-economica-recursos-test.uoc.edu\/es\/2-3-1-tipos-de-gastos\/","title":{"rendered":"2.3.1. Tipos de gastos"},"content":{"rendered":"<blockquote><p>Hay que saber distinguir entre gastos prescindibles e imprescindibles.<br \/>\nEste ejercicio solo puede hacerlo uno mismo.<\/p><\/blockquote>\n<p>Hay cuatro grandes categor\u00edas de gasto en la econom\u00eda personal o familiar:<\/p>\n<ul>\n<li><strong>Fijos obligatorios<\/strong>: son gastos fijos que tienes que pagar todos los meses y que no se pueden eliminar ni reducir. Por ejemplo: la cuota de la hipoteca, el alquiler o la escuela. Esta categor\u00eda de gastos deja poco margen de maniobra a la hora de reducir gastos.<\/li>\n<li><strong>Variables necesarios<\/strong>: son gastos que tienes casi todos los meses y que no puedes eliminar, aunque s\u00ed reducir. Por ejemplo, las facturas de los suministros (agua, luz, gas), tel\u00e9fono, alimentaci\u00f3n, ropa, transporte, etc. Algunos gastos de esta categor\u00eda s\u00ed se pueden rebajar de manera significativa por medio de reducciones en el consumo o de rebajas en los precios.<\/li>\n<li><strong>Ocasionales<\/strong>: son gastos que se producen de manera espor\u00e1dica y que pueden ser obligatorios o prescindibles. Por ejemplo, la compra de un electrodom\u00e9stico nuevo cuando se estropea el antiguo, un regalo de cumplea\u00f1os o unas vacaciones. Es muy aconsejable que dispongas de un fondo de emergencia para hacer frente a este tipo de gastos.<\/li>\n<li><strong>Prescindibles<\/strong>: son gastos que a pesar de no ser obligatorios ni absolutamente necesarios, los tienes casi todos los meses. Al tratarse sobre todo de h\u00e1bitos y aficiones no siempre son f\u00e1ciles de controlar.<\/li>\n<\/ul>\n<table>\n<tbody>\n<tr>\n<th width=\"308\"><strong>Categor\u00eda de gasto<\/strong><\/th>\n<th width=\"308\"><strong>Ejemplos<\/strong><\/th>\n<\/tr>\n<tr>\n<td width=\"308\">Prescindibles<\/td>\n<td width=\"308\">Restaurantes, bares, cine, tabaco.<\/td>\n<\/tr>\n<tr>\n<td width=\"308\">Ocasionales<\/td>\n<td width=\"308\">Electrodom\u00e9sticos, viajes, regalos.<\/td>\n<\/tr>\n<tr>\n<td width=\"308\">Variables necesarios<\/td>\n<td width=\"308\">Suministros (agua, luz, gas), tel\u00e9fono, alimentaci\u00f3n, ropa, transporte.<\/td>\n<\/tr>\n<tr>\n<td width=\"308\">Fijos obligatorios<\/td>\n<td width=\"308\">Hipoteca, alquiler, IBI, comunidad, pr\u00e9stamos, seguros, escuela.<\/td>\n<\/tr>\n<\/tbody>\n<\/table>\n<p><img loading=\"lazy\" class=\"aligncenter size-full wp-image-51\" src=\"\/wp-content\/uploads\/2018\/10\/edu_econom_07.jpg\" alt=\"\" width=\"588\" height=\"514\" srcset=\"\/wp-content\/uploads\/2018\/10\/edu_econom_07.jpg 588w, \/wp-content\/uploads\/2018\/10\/edu_econom_07-300x262.jpg 300w\" sizes=\"(max-width: 588px) 100vw, 588px\" \/><\/p>\n<div class=\"featured featured-blue\"><p><strong>Idea<\/strong><\/p>\n<p>Preg\u00fantate c\u00f3mo hay que negociar los gastos de la casa. \u00bfCu\u00e1les son nuestras prioridades? \u00bfRealmente decido yo? \u00bfLo hace mi pareja (u otra persona) o lo hacemos conjuntamente?<\/p>\n<p>\n<\/div>\n","protected":false},"excerpt":{"rendered":"<p>Hay que saber distinguir entre gastos prescindibles e imprescindibles. Este ejercicio solo puede hacerlo uno mismo. Hay cuatro grandes categor\u00edas de gasto en la econom\u00eda personal o familiar: Fijos obligatorios: son gastos fijos que tienes que pagar todos los meses y que no se pueden eliminar ni reducir. Por ejemplo: la cuota de la hipoteca, [&hellip;]<\/p>\n","protected":false},"author":1,"featured_media":0,"parent":0,"menu_order":29,"comment_status":"closed","ping_status":"closed","template":"","meta":[],"_links":{"self":[{"href":"http:\/\/educacio-economica-recursos-test.uoc.edu\/es\/wp-json\/wp\/v2\/pages\/50"}],"collection":[{"href":"http:\/\/educacio-economica-recursos-test.uoc.edu\/es\/wp-json\/wp\/v2\/pages"}],"about":[{"href":"http:\/\/educacio-economica-recursos-test.uoc.edu\/es\/wp-json\/wp\/v2\/types\/page"}],"author":[{"embeddable":true,"href":"http:\/\/educacio-economica-recursos-test.uoc.edu\/es\/wp-json\/wp\/v2\/users\/1"}],"replies":[{"embeddable":true,"href":"http:\/\/educacio-economica-recursos-test.uoc.edu\/es\/wp-json\/wp\/v2\/comments?post=50"}],"version-history":[{"count":9,"href":"http:\/\/educacio-economica-recursos-test.uoc.edu\/es\/wp-json\/wp\/v2\/pages\/50\/revisions"}],"predecessor-version":[{"id":472,"href":"http:\/\/educacio-economica-recursos-test.uoc.edu\/es\/wp-json\/wp\/v2\/pages\/50\/revisions\/472"}],"wp:attachment":[{"href":"http:\/\/educacio-economica-recursos-test.uoc.edu\/es\/wp-json\/wp\/v2\/media?parent=50"}],"curies":[{"name":"wp","href":"https:\/\/api.w.org\/{rel}","templated":true}]}}