{"id":46,"date":"2018-10-08T16:22:39","date_gmt":"2018-10-08T14:22:39","guid":{"rendered":"http:\/\/educacio-economica-recursos-test.uoc.edu\/?page_id=46"},"modified":"2019-03-01T12:52:48","modified_gmt":"2019-03-01T10:52:48","slug":"2-2-no-olvides-nunca-la-importancia-de-los-ingresos","status":"publish","type":"page","link":"http:\/\/educacio-economica-recursos-test.uoc.edu\/es\/2-2-no-olvides-nunca-la-importancia-de-los-ingresos\/","title":{"rendered":"2.2. No olvides nunca la importancia de los ingresos"},"content":{"rendered":"<blockquote><p>La econom\u00eda es la gesti\u00f3n de recursos escasos, pero&#8230; por escasos que sean, se necesitan esos recursos.<\/p><\/blockquote>\n<p>Como has visto, <strong>el primer paso para elaborar un presupuesto es identificar los ingresos<\/strong> de tu econom\u00eda personal o familiar.<\/p>\n<p>Hay diversos tipos de ingresos:<\/p>\n<ul>\n<li><strong>Rentas de trabajo<\/strong>: salarios, facturaci\u00f3n (en el caso del trabajo aut\u00f3nomo), indemnizaciones, etc.<\/li>\n<li><strong>Pensiones y prestaciones<\/strong>: jubilaci\u00f3n, paro, renta m\u00ednima, ayuda familiar, etc.<\/li>\n<li><strong>Otros<\/strong>: ayudas de familiares, pensi\u00f3n de la expareja por la manutenci\u00f3n de los hijos, ingreso proveniente de alguna actividad de consumo colaborativo, venta de art\u00edculos por internet o en ferias locales, ayudas de ONG, etc.<\/li>\n<\/ul>\n<p>Aspectos importantes en relaci\u00f3n con los ingresos:<\/p>\n<ul>\n<li><strong>Duraci\u00f3n<\/strong>: la duraci\u00f3n y seguridad de un trabajo pueden ser muy variables.\n<ul>\n<li>Las <strong>personas asalariadas<\/strong> tienen tipos de contratos muy diversos (fijo, indefinido, temporal, a tiempo parcial, de pr\u00e1cticas).<\/li>\n<li>En el caso del <strong>trabajo aut\u00f3nomo<\/strong>, las personas cobran por su trabajo sin la seguridad de un salario mensual determinado.<\/li>\n<li>Y en el caso de las personas que cobran una prestaci\u00f3n por desempleo, esta tampoco es indefinida, sino que tiene una duraci\u00f3n m\u00e1xima de 24 meses, que solo se puede prorrogar con una renta m\u00ednima cumpliendo una serie de requisitos.<\/li>\n<\/ul>\n<\/li>\n<li><strong>Frecuencia<\/strong>: los ingresos pueden ser peri\u00f3dicos (salarios, pensiones y prestaciones, renta de un alquiler), o puntuales (la ayuda de un familiar, la venta de un art\u00edculo de segunda mano). Tambi\u00e9n debes tener en cuenta que si cobras 14 pagas, normalmente cobras la paga doble en junio y en diciembre. En el caso de las personas jubiladas, la paga doble se percibe en junio y en noviembre.<\/li>\n<li><strong>Ingresos netos<\/strong>:\n<ul>\n<li>Las <strong>personas asalariadas<\/strong> perciben un salario neto, del que la empresa ya ha deducido previamente unas retenciones en concepto de IRPF e ingresado unas cantidades en la Seguridad Social. Las <strong>prestaciones por jubilaci\u00f3n y desempleo<\/strong> tambi\u00e9n son netas, previa retenci\u00f3n del IRPF por parte de la Seguridad Social.<\/li>\n<li>Por el contrario, en el caso del <strong>trabajo aut\u00f3nomo<\/strong>, el c\u00e1lculo que tienes que hacer es m\u00e1s complejo. Lee el cuadro dedicado a los ingresos del trabajo aut\u00f3nomo.<\/li>\n<li>En ambos casos, a partir de un determinado nivel de ingresos se tiene que presentar una <strong>declaraci\u00f3n anual en la Agencia Tributaria<\/strong>, que en algunos casos puede obligar a realizar pagos adicionales y en otros, permitir recuperar una parte de los ingresos retenidos.<\/li>\n<\/ul>\n<\/li>\n<\/ul>\n<div class=\"featured featured-grey\"><p><strong>Los ingresos en el trabajo aut\u00f3nomo<\/strong><\/p>\n<p>El trabajo aut\u00f3nomo est\u00e1 dividido entre una mayor\u00eda de personas que tributan en <strong>r\u00e9gimen de estimaci\u00f3n directa<\/strong> y aquellas que lo hacen por <strong>m\u00f3dulos<\/strong>.<\/p>\n<p><strong>No todo el mundo puede tributar por m\u00f3dulos<\/strong> (no se puede superar un determinado volumen de ingresos, y est\u00e1 restringido a actividades como el comercio, el transporte, las mudanzas, la hosteler\u00eda, salones de belleza, etc.). <strong>La tributaci\u00f3n por m\u00f3dulos es m\u00e1s sencilla<\/strong>, y en caso de que el negocio d\u00e9 beneficios suele ser m\u00e1s ventajosa.<\/p>\n<p>Por el contrario, el <strong>r\u00e9gimen de estimaci\u00f3n directa requiere m\u00e1s trabajo administrativo<\/strong> por parte del trabajador o trabajadora. B\u00e1sicamente, te llevar\u00e1 m\u00e1s tiempo hacer los c\u00e1lculos del IRPF y el IVA.<\/p>\n<p>En general, <strong>la capacidad de hacer bien los n\u00fameros y conocer realmente tus ingresos netos es una de las claves<\/strong> para poder ganarte la vida como trabajador aut\u00f3nomo o trabajadora aut\u00f3noma. Por eso es <strong>fundamental que lleves una contabilidad detallada de ingresos y gastos relacionada con tu actividad profesional<\/strong>, con independencia de que vayas por m\u00f3dulos o por estimaci\u00f3n directa.<\/p>\n<p>Otra variable importante es la <strong>cuota mensual de la Seguridad Social<\/strong>, todos los aut\u00f3nomos la tienen que pagar y la mayor\u00eda lo hacen por la base m\u00ednima de cotizaci\u00f3n. Es importante estar al corriente de las <strong>bonificaciones para nuevos aut\u00f3nomos y colectivos espec\u00edficos<\/strong>, as\u00ed como de las implicaciones que la cuota que se paga tendr\u00e1 sobre la <strong>pensi\u00f3n de jubilaci\u00f3n<\/strong>.<\/p>\n<\/div>\n<div class=\"featured featured-grey\"><p><strong>El consumo colaborativo como fuente de ingresos<\/strong><\/p>\n<p>Estamos viviendo un <strong>tiempo de redefinici\u00f3n del consumo<\/strong>. Ahora es m\u00e1s importante <strong>tener acceso a las cosas<\/strong> que ser su propietario, y eso est\u00e1 cambiando la forma en la que nos relacionamos. <strong>La eficiencia tecnol\u00f3gica<\/strong>, combinada con la capacidad de <strong>generar confianza entre personas desconocidas<\/strong>, ha creado un <strong>mercado de intercambios a gran escala entre personas productoras y consumidoras<\/strong>\u00a0de bienes y servicios, tambi\u00e9n entre vecinos, y sin los intermediarios tradicionales.<\/p>\n<p><strong>Las plataformas de consumo colaborativo pueden facilitar el desarrollo de iniciativas con un impacto social positivo<\/strong>. Por ejemplo, pueden <strong>ayudar a cubrir necesidades b\u00e1sicas<\/strong> como la vivienda y el transporte, compartir herramientas tecnol\u00f3gicas y del hogar, proporcionar ropa, alimentos o juguetes y tambi\u00e9n <strong>intercambiar servicios entre personas<\/strong>.<\/p>\n<\/div>\n<div class=\"featured featured-blue\"><p><strong>Idea<\/strong><\/p>\n<p><strong>No dependas solo de una fuente de ingresos<\/strong>. Aunque te parezca que con este \u00fanico ingreso tienes suficiente, es interesante hacer el ejercicio de <strong>buscar nuevos ingresos<\/strong>. Si se te da bien la reposter\u00eda, obtener un ingreso extra de 50 euros al mes haciendo pasteles de cumplea\u00f1os para tus vecinos y vecinas del barrio te puede proporcionar m\u00e1s de 500 euros al a\u00f1o haciendo algo que te gusta. Quiz\u00e1s vale la pena el esfuerzo de intentarlo.<\/p>\n<p>\n<\/div>\n<h4><strong>Ejercicio 4. Buscamos ingresos<\/strong><\/h4>\n<p>Realizar una buena gesti\u00f3n de tu econom\u00eda familiar no consiste solo en reducir gastos, ahorrar y evitar acumular deudas. Como has visto en el apartado sobre el presupuesto, se tiene que producir un equilibrio entre ingresos y gastos. Es importante, pues, no desatender la importancia de los ingresos, e imaginar maneras de generar. Por peque\u00f1o que sea, conseguir un nuevo ingreso puede marcar la diferencia en tu presupuesto.<\/p>\n<p><a href=\"https:\/\/goo.gl\/forms\/zc5huzRShft36vvC3\" target=\"_blank\" rel=\"noopener\">Clicar aqu\u00ed para realizar el ejercicio.<\/a><\/p>\n","protected":false},"excerpt":{"rendered":"<p>La econom\u00eda es la gesti\u00f3n de recursos escasos, pero&#8230; por escasos que sean, se necesitan esos recursos. Como has visto, el primer paso para elaborar un presupuesto es identificar los ingresos de tu econom\u00eda personal o familiar. Hay diversos tipos de ingresos: Rentas de trabajo: salarios, facturaci\u00f3n (en el caso del trabajo aut\u00f3nomo), indemnizaciones, etc. [&hellip;]<\/p>\n","protected":false},"author":1,"featured_media":0,"parent":0,"menu_order":26,"comment_status":"closed","ping_status":"closed","template":"","meta":[],"_links":{"self":[{"href":"http:\/\/educacio-economica-recursos-test.uoc.edu\/es\/wp-json\/wp\/v2\/pages\/46"}],"collection":[{"href":"http:\/\/educacio-economica-recursos-test.uoc.edu\/es\/wp-json\/wp\/v2\/pages"}],"about":[{"href":"http:\/\/educacio-economica-recursos-test.uoc.edu\/es\/wp-json\/wp\/v2\/types\/page"}],"author":[{"embeddable":true,"href":"http:\/\/educacio-economica-recursos-test.uoc.edu\/es\/wp-json\/wp\/v2\/users\/1"}],"replies":[{"embeddable":true,"href":"http:\/\/educacio-economica-recursos-test.uoc.edu\/es\/wp-json\/wp\/v2\/comments?post=46"}],"version-history":[{"count":11,"href":"http:\/\/educacio-economica-recursos-test.uoc.edu\/es\/wp-json\/wp\/v2\/pages\/46\/revisions"}],"predecessor-version":[{"id":542,"href":"http:\/\/educacio-economica-recursos-test.uoc.edu\/es\/wp-json\/wp\/v2\/pages\/46\/revisions\/542"}],"wp:attachment":[{"href":"http:\/\/educacio-economica-recursos-test.uoc.edu\/es\/wp-json\/wp\/v2\/media?parent=46"}],"curies":[{"name":"wp","href":"https:\/\/api.w.org\/{rel}","templated":true}]}}