{"id":40,"date":"2018-10-08T16:10:34","date_gmt":"2018-10-08T14:10:34","guid":{"rendered":"http:\/\/educacio-economica-recursos-test.uoc.edu\/?page_id=40"},"modified":"2019-03-01T12:52:08","modified_gmt":"2019-03-01T10:52:08","slug":"2-1-3-conoce-tu-situacion-economica","status":"publish","type":"page","link":"http:\/\/educacio-economica-recursos-test.uoc.edu\/es\/2-1-3-conoce-tu-situacion-economica\/","title":{"rendered":"2.1.3. Conoce tu situaci\u00f3n econ\u00f3mica"},"content":{"rendered":"<p>Una vez incorporados al presupuesto tus ingresos y gastos, tendr\u00e1s un <strong>primer indicador importante sobre tu situaci\u00f3n econ\u00f3mica<\/strong>. Te puedes encontrar en tres situaciones:<\/p>\n<ul>\n<li><strong>Gastas todo lo que ingresas<\/strong>: aunque parezca dif\u00edcil, es bastante habitual \u00abempatar\u00bb en cuesti\u00f3n de dinero y gastar todos nuestros ingresos. Es decir, si nos aumentan el salario un 50 %, es muy probable que aumentemos tambi\u00e9n los gastos en un porcentaje similar, para adaptar nuestro nivel de consumo al nuevo nivel de ingresos. Cuando gastas todo lo que ingresas no est\u00e1s perdiendo dinero, pero tampoco est\u00e1s ahorrando. Se produce un efecto balanza.<\/li>\n<\/ul>\n<p><img loading=\"lazy\" class=\"aligncenter size-full wp-image-41\" src=\"\/wp-content\/uploads\/2018\/10\/edu_econom_04.jpg\" alt=\"\" width=\"364\" height=\"116\" srcset=\"\/wp-content\/uploads\/2018\/10\/edu_econom_04.jpg 364w, \/wp-content\/uploads\/2018\/10\/edu_econom_04-300x96.jpg 300w\" sizes=\"(max-width: 364px) 100vw, 364px\" \/><\/p>\n<ul>\n<li><strong>Gastas menos de lo que ingresas<\/strong>: este es el caso de las personas que ahorran, y no va necesariamente vinculado al nivel de ingresos. Se pueden tener ingresos muy elevados y no ahorrar y, por el contrario, ahorrar con unos ingresos modestos. La diferencia est\u00e1 en el volumen de gastos. Si los mantenemos por debajo de lo que ingresamos, habremos conseguido ahorrar.<\/li>\n<\/ul>\n<p><img loading=\"lazy\" class=\"aligncenter size-full wp-image-42\" src=\"\/wp-content\/uploads\/2018\/10\/edu_econom_05.jpg\" alt=\"\" width=\"607\" height=\"116\" srcset=\"\/wp-content\/uploads\/2018\/10\/edu_econom_05.jpg 607w, \/wp-content\/uploads\/2018\/10\/edu_econom_05-300x57.jpg 300w\" sizes=\"(max-width: 607px) 100vw, 607px\" \/><\/p>\n<ul>\n<li><strong>Gastas m\u00e1s de lo que ingresas<\/strong>: los problemas econ\u00f3micos surgen cuando no tenemos ingresos suficientes para hacer frente a nuestros gastos. En el caso de ausencia de ingresos o ingresos precarios, es m\u00e1s dif\u00edcil evitar esta situaci\u00f3n. En otras ocasiones, el problema no son tanto los ingresos, sino el exceso de consumo. Siempre que los gastos superen los ingresos, lo primero que hay que hacer es revisar los gastos, marcar prioridades y reducirlos en la medida en que podamos. Es algo importante, porque las situaciones de p\u00e9rdida de control del gasto pueden generar necesidades de endeudamiento que acaban agravando la situaci\u00f3n y la hacen insostenible.<\/li>\n<\/ul>\n<p><img loading=\"lazy\" class=\"aligncenter size-full wp-image-43\" src=\"\/wp-content\/uploads\/2018\/10\/edu_econom_06.jpg\" alt=\"\" width=\"607\" height=\"116\" srcset=\"\/wp-content\/uploads\/2018\/10\/edu_econom_06.jpg 607w, \/wp-content\/uploads\/2018\/10\/edu_econom_06-300x57.jpg 300w\" sizes=\"(max-width: 607px) 100vw, 607px\" \/><\/p>\n<div class=\"featured featured-blue\"><p><strong>Idea<\/strong><\/p>\n<p><strong>Acost\u00fambrate a apuntar tus ingresos y tus gastos<\/strong>. No es necesario que utilices una aplicaci\u00f3n ni el ordenador, lo puedes hacer en una libreta. Lo realmente importante es que empieces a hacer <strong>tu propio presupuesto<\/strong> para conocer m\u00e1s en detalle tu situaci\u00f3n econ\u00f3mica y gestionar mejor la gesti\u00f3n de tu econom\u00eda. <strong>Hazlo cada mes, cada a\u00f1o<\/strong>.<\/p>\n<\/div>\n<h4><strong>Ejercicio 3. Hacemos un presupuesto<\/strong><\/h4>\n<p>Para poder tomar decisiones econ\u00f3micas y controlar nuestra econom\u00eda, necesitamos acostumbrarnos a tener un presupuesto donde anotamos los ingresos y gastos personales y familiares. A continuaci\u00f3n har\u00e1s el presupuesto de una familia, y posteriormente lo analizar\u00e1s y tomar\u00e1s una decisi\u00f3n de consumo y ahorro para ayudar a esta familia a encontrar una soluci\u00f3n a su problema.<\/p>\n<p><a href=\"https:\/\/goo.gl\/forms\/M66uCuyPn2SqFZ8v1\" target=\"_blank\" rel=\"noopener\">Clicar aqu\u00ed para realizar el ejercicio.<\/a><\/p>\n","protected":false},"excerpt":{"rendered":"<p>Una vez incorporados al presupuesto tus ingresos y gastos, tendr\u00e1s un primer indicador importante sobre tu situaci\u00f3n econ\u00f3mica. Te puedes encontrar en tres situaciones: Gastas todo lo que ingresas: aunque parezca dif\u00edcil, es bastante habitual \u00abempatar\u00bb en cuesti\u00f3n de dinero y gastar todos nuestros ingresos. Es decir, si nos aumentan el salario un 50 %, [&hellip;]<\/p>\n","protected":false},"author":1,"featured_media":0,"parent":0,"menu_order":24,"comment_status":"closed","ping_status":"closed","template":"","meta":[],"_links":{"self":[{"href":"http:\/\/educacio-economica-recursos-test.uoc.edu\/es\/wp-json\/wp\/v2\/pages\/40"}],"collection":[{"href":"http:\/\/educacio-economica-recursos-test.uoc.edu\/es\/wp-json\/wp\/v2\/pages"}],"about":[{"href":"http:\/\/educacio-economica-recursos-test.uoc.edu\/es\/wp-json\/wp\/v2\/types\/page"}],"author":[{"embeddable":true,"href":"http:\/\/educacio-economica-recursos-test.uoc.edu\/es\/wp-json\/wp\/v2\/users\/1"}],"replies":[{"embeddable":true,"href":"http:\/\/educacio-economica-recursos-test.uoc.edu\/es\/wp-json\/wp\/v2\/comments?post=40"}],"version-history":[{"count":10,"href":"http:\/\/educacio-economica-recursos-test.uoc.edu\/es\/wp-json\/wp\/v2\/pages\/40\/revisions"}],"predecessor-version":[{"id":541,"href":"http:\/\/educacio-economica-recursos-test.uoc.edu\/es\/wp-json\/wp\/v2\/pages\/40\/revisions\/541"}],"wp:attachment":[{"href":"http:\/\/educacio-economica-recursos-test.uoc.edu\/es\/wp-json\/wp\/v2\/media?parent=40"}],"curies":[{"name":"wp","href":"https:\/\/api.w.org\/{rel}","templated":true}]}}