{"id":37,"date":"2018-10-08T16:02:00","date_gmt":"2018-10-08T14:02:00","guid":{"rendered":"http:\/\/educacio-economica-recursos-test.uoc.edu\/?page_id=37"},"modified":"2019-03-01T12:49:11","modified_gmt":"2019-03-01T10:49:11","slug":"2-1-2-como-puedes-empezar-a-hacer-un-presupuesto","status":"publish","type":"page","link":"http:\/\/educacio-economica-recursos-test.uoc.edu\/es\/2-1-2-como-puedes-empezar-a-hacer-un-presupuesto\/","title":{"rendered":"2.1.2. \u00bfC\u00f3mo puedes empezar a hacer un presupuesto?"},"content":{"rendered":"<p>Todo presupuesto tiene que incluir el detalle de tus ingresos y de tus gastos.<\/p>\n<p><img loading=\"lazy\" class=\"aligncenter size-full wp-image-38\" src=\"\/wp-content\/uploads\/2018\/10\/edu_econom_03.jpg\" alt=\"\" width=\"465\" height=\"363\" srcset=\"\/wp-content\/uploads\/2018\/10\/edu_econom_03.jpg 465w, \/wp-content\/uploads\/2018\/10\/edu_econom_03-300x234.jpg 300w\" sizes=\"(max-width: 465px) 100vw, 465px\" \/><\/p>\n<p>El primer paso para hacer tu presupuesto es identificar tus ingresos.<\/p>\n<div class=\"tabletitle\"><p>Identifica los ingresos<\/p>\n<\/div>\n<table>\n<tbody>\n<tr>\n<th width=\"461\"><strong>Ingresos*<\/strong><\/th>\n<th width=\"155\"><strong>Importe mensual<\/strong><\/th>\n<\/tr>\n<tr>\n<td colspan=\"2\" width=\"616\"><strong>Rentas de trabajo<\/strong><\/td>\n<\/tr>\n<tr>\n<td width=\"461\">Salario 1<\/td>\n<td width=\"155\"><\/td>\n<\/tr>\n<tr>\n<td width=\"461\">Salario 2<\/td>\n<td width=\"155\"><\/td>\n<\/tr>\n<tr>\n<td colspan=\"2\" width=\"616\"><strong>Pensiones y prestaciones<\/strong><\/td>\n<\/tr>\n<tr>\n<td width=\"461\">Jubilaci\u00f3n<\/td>\n<td width=\"155\"><\/td>\n<\/tr>\n<tr>\n<td width=\"461\">Paro<\/td>\n<td width=\"155\"><\/td>\n<\/tr>\n<tr>\n<td width=\"461\">Renta garantizada de ciudadan\u00eda (RGC)<\/td>\n<td width=\"155\"><\/td>\n<\/tr>\n<tr>\n<td colspan=\"2\" width=\"616\"><strong>Otros<\/strong><\/td>\n<\/tr>\n<tr>\n<td width=\"461\">Ayudas de familiares<\/td>\n<td width=\"155\"><\/td>\n<\/tr>\n<tr>\n<td width=\"461\">Ayudas de ONG<\/td>\n<td width=\"155\"><\/td>\n<\/tr>\n<\/tbody>\n<\/table>\n<div class=\"tablefooter\"><p>* Este es un ejemplo de cuadro de ingresos. Cada persona tiene el suyo, en funci\u00f3n de los tipos de ingresos que tenga.<\/p>\n<\/div>\n<p>Una vez hayas incorporado el detalle de tus ingresos al presupuesto, deber\u00e1s hacer lo mismo con los gastos.<\/p>\n<div class=\"tabletitle\"><p>Identifica los gastos<\/p>\n<\/div>\n<table>\n<tbody>\n<tr>\n<th width=\"461\"><strong>Gastos*<\/strong><\/th>\n<th width=\"155\"><strong>Importe mensual<\/strong><\/th>\n<\/tr>\n<tr>\n<td colspan=\"2\" width=\"616\"><strong>Vivienda<\/strong><\/td>\n<\/tr>\n<tr>\n<td width=\"461\">Alquiler\/cuota hipoteca<\/td>\n<td width=\"155\"><\/td>\n<\/tr>\n<tr>\n<td width=\"461\">Comunidad de propietarios<\/td>\n<td width=\"155\"><\/td>\n<\/tr>\n<tr>\n<td width=\"461\">Seguro de hogar<\/td>\n<td width=\"155\"><\/td>\n<\/tr>\n<tr>\n<td colspan=\"2\" width=\"616\"><strong>Gastos del hogar<\/strong><\/td>\n<\/tr>\n<tr>\n<td width=\"461\">Agua<\/td>\n<td width=\"155\"><\/td>\n<\/tr>\n<tr>\n<td width=\"461\">Luz<\/td>\n<td width=\"155\"><\/td>\n<\/tr>\n<tr>\n<td width=\"461\">Gas<\/td>\n<td width=\"155\"><\/td>\n<\/tr>\n<tr>\n<td width=\"461\">Telefon\u00eda y fibra\/ADSL<\/td>\n<td width=\"155\"><\/td>\n<\/tr>\n<tr>\n<td colspan=\"2\" width=\"616\"><strong>Gastos financieros<\/strong><\/td>\n<\/tr>\n<tr>\n<td width=\"461\">Cuotas de pr\u00e9stamos<\/td>\n<td width=\"155\"><\/td>\n<\/tr>\n<tr>\n<td width=\"461\">Tarjetas de cr\u00e9dito<\/td>\n<td width=\"155\"><\/td>\n<\/tr>\n<tr>\n<td width=\"461\">Comisiones bancarias<\/td>\n<td width=\"155\"><\/td>\n<\/tr>\n<tr>\n<td colspan=\"2\" width=\"616\"><strong>Alimentaci\u00f3n y bebidas<\/strong><\/td>\n<\/tr>\n<tr>\n<td width=\"461\">Alimentaci\u00f3n y bebidas<\/td>\n<td width=\"155\"><\/td>\n<\/tr>\n<tr>\n<td colspan=\"2\" width=\"616\"><strong>Ropa y complementos<\/strong><\/td>\n<\/tr>\n<tr>\n<td width=\"461\">Ropa y complementos<\/td>\n<td width=\"155\"><\/td>\n<\/tr>\n<tr>\n<td colspan=\"2\" width=\"616\"><strong>Higiene y cuidado personal, salud y limpieza<\/strong><\/td>\n<\/tr>\n<tr>\n<td width=\"461\">Limpieza<\/td>\n<td width=\"155\"><\/td>\n<\/tr>\n<tr>\n<td width=\"461\">Higiene personal<\/td>\n<td width=\"155\"><\/td>\n<\/tr>\n<tr>\n<td width=\"461\">Cuidado personal y salud<\/td>\n<td width=\"155\"><\/td>\n<\/tr>\n<tr>\n<td colspan=\"2\" width=\"616\"><strong>Transporte<\/strong><\/td>\n<\/tr>\n<tr>\n<td width=\"461\">Transporte p\u00fablico<\/td>\n<td width=\"155\"><\/td>\n<\/tr>\n<tr>\n<td width=\"461\">Combustible<\/td>\n<td width=\"155\"><\/td>\n<\/tr>\n<tr>\n<td width=\"461\">Parking, peajes<\/td>\n<td width=\"155\"><\/td>\n<\/tr>\n<tr>\n<td width=\"461\">Seguros de veh\u00edculos<\/td>\n<td width=\"155\"><\/td>\n<\/tr>\n<tr>\n<td colspan=\"2\" width=\"616\"><strong>Gastos personales y ocio<\/strong><\/td>\n<\/tr>\n<tr>\n<td width=\"461\">Gastos personales y ocio<\/td>\n<td width=\"155\"><\/td>\n<\/tr>\n<tr>\n<td colspan=\"2\" width=\"616\"><strong>Educaci\u00f3n y cuidado de los hijos<\/strong><\/td>\n<\/tr>\n<tr>\n<td width=\"461\">Escuela, centro educativo<\/td>\n<td width=\"155\"><\/td>\n<\/tr>\n<tr>\n<td width=\"461\">Actividades extraescolares<\/td>\n<td width=\"155\"><\/td>\n<\/tr>\n<tr>\n<td colspan=\"2\" width=\"616\"><strong>Gastos extraordinarios<\/strong><\/td>\n<\/tr>\n<tr>\n<td width=\"461\">Gastos extraordinarios<\/td>\n<td width=\"155\"><\/td>\n<\/tr>\n<tr>\n<td width=\"461\"><strong>Total gastos<\/strong><\/td>\n<td width=\"155\"><\/td>\n<\/tr>\n<\/tbody>\n<\/table>\n<div class=\"tablefooter\"><p>* Este es un ejemplo de cuadro de gastos. Cada persona tiene el suyo, en funci\u00f3n de los tipos de gastos que tenga.<\/p>\n<\/div>\n<p>Para calcular el resultado de tu presupuesto has de <strong>restar la suma total de gastos de la suma total de ingresos<\/strong>. Con este resultado habr\u00e1s dado un paso importante para conocer tu situaci\u00f3n econ\u00f3mica.<\/p>\n<div class=\"tabletitle\"><p>Calcula el resultado de tu presupuesto<\/p>\n<\/div>\n<table>\n<tbody>\n<tr>\n<th width=\"461\"><strong>Presupuesto<\/strong><\/th>\n<th width=\"155\"><strong>Importe mensual<\/strong><\/th>\n<\/tr>\n<tr>\n<td width=\"461\">Total ingresos<\/td>\n<td width=\"155\"><\/td>\n<\/tr>\n<tr>\n<td width=\"461\">Total gastos<\/td>\n<td width=\"155\"><\/td>\n<\/tr>\n<tr>\n<td width=\"461\"><strong>Resultado presupuesto<\/strong><\/td>\n<td width=\"155\"><\/td>\n<\/tr>\n<\/tbody>\n<\/table>\n<p><strong>Es importante que hagas este ejercicio cada mes<\/strong>, para conocer exactamente tus ingresos y tus gastos. <strong>El objetivo es hacerlo durante 12 meses y saber exactamente cu\u00e1les son tus ingresos y gastos anuales<\/strong>. Eso te dar\u00e1 mucha m\u00e1s informaci\u00f3n sobre tu situaci\u00f3n econ\u00f3mica y <strong>te ayudar\u00e1 a tomar mejores decisiones<\/strong> sobre tu econom\u00eda personal y familiar.<\/p>\n","protected":false},"excerpt":{"rendered":"<p>Todo presupuesto tiene que incluir el detalle de tus ingresos y de tus gastos. El primer paso para hacer tu presupuesto es identificar tus ingresos. Ingresos* Importe mensual Rentas de trabajo Salario 1 Salario 2 Pensiones y prestaciones Jubilaci\u00f3n Paro Renta garantizada de ciudadan\u00eda (RGC) Otros Ayudas de familiares Ayudas de ONG Una vez hayas [&hellip;]<\/p>\n","protected":false},"author":1,"featured_media":0,"parent":0,"menu_order":21,"comment_status":"closed","ping_status":"closed","template":"","meta":[],"_links":{"self":[{"href":"http:\/\/educacio-economica-recursos-test.uoc.edu\/es\/wp-json\/wp\/v2\/pages\/37"}],"collection":[{"href":"http:\/\/educacio-economica-recursos-test.uoc.edu\/es\/wp-json\/wp\/v2\/pages"}],"about":[{"href":"http:\/\/educacio-economica-recursos-test.uoc.edu\/es\/wp-json\/wp\/v2\/types\/page"}],"author":[{"embeddable":true,"href":"http:\/\/educacio-economica-recursos-test.uoc.edu\/es\/wp-json\/wp\/v2\/users\/1"}],"replies":[{"embeddable":true,"href":"http:\/\/educacio-economica-recursos-test.uoc.edu\/es\/wp-json\/wp\/v2\/comments?post=37"}],"version-history":[{"count":4,"href":"http:\/\/educacio-economica-recursos-test.uoc.edu\/es\/wp-json\/wp\/v2\/pages\/37\/revisions"}],"predecessor-version":[{"id":401,"href":"http:\/\/educacio-economica-recursos-test.uoc.edu\/es\/wp-json\/wp\/v2\/pages\/37\/revisions\/401"}],"wp:attachment":[{"href":"http:\/\/educacio-economica-recursos-test.uoc.edu\/es\/wp-json\/wp\/v2\/media?parent=37"}],"curies":[{"name":"wp","href":"https:\/\/api.w.org\/{rel}","templated":true}]}}