{"id":26,"date":"2018-10-08T14:50:19","date_gmt":"2018-10-08T12:50:19","guid":{"rendered":"http:\/\/educacio-economica-recursos-test.uoc.edu\/?page_id=26"},"modified":"2019-03-01T12:51:15","modified_gmt":"2019-03-01T10:51:15","slug":"1-2-3-las-trampas-del-dinero","status":"publish","type":"page","link":"http:\/\/educacio-economica-recursos-test.uoc.edu\/es\/1-2-3-las-trampas-del-dinero\/","title":{"rendered":"1.2.3. Las trampas del dinero"},"content":{"rendered":"<p>Hay una disciplina acad\u00e9mica donde se re\u00fanen <strong>la psicolog\u00eda y la econom\u00eda<\/strong> \u2014con ganadores del Premio Nobel de Econom\u00eda como Daniel Kahneman y Richard Thaler\u2014 que estudia <strong>por qu\u00e9 tomamos las decisiones que tomamos ante el dinero<\/strong>, y lo que demuestran es que nuestro comportamiento es <strong>bastante poco racional<\/strong>.<\/p>\n<p><strong>Las emociones y las creencias nos ponen trampas y nos hacen tomar malas decisiones<\/strong>, y raramente somos conscientes de ello. Incluso podemos olvidar determinadas experiencias personales y repetir viejos errores. La buena noticia es que <strong>puedes aprender a controlar estas trampas<\/strong>, pero antes de nada las tienes que saber ver.<\/p>\n<p>A continuaci\u00f3n ver\u00e1s ejemplos de algunas <strong>trampas en las que caemos cuando gestionamos nuestra econom\u00eda<\/strong>:<\/p>\n<table>\n<tbody>\n<tr>\n<th width=\"308\"><\/th>\n<th width=\"308\"><strong>Consecuencia<\/strong><\/th>\n<\/tr>\n<tr>\n<td width=\"308\"><strong>La recompensa inmediata<\/strong>: evita que hagamos el esfuerzo por una recompensa que tardar\u00e1 m\u00e1s en llegar. Eso hace que dejemos para m\u00e1s adelante algunas cosas importantes y nos dejemos seducir por opciones f\u00e1ciles, tentadoras e inmediatas.<\/td>\n<td width=\"308\"><strong>Dificultad de ahorrar<\/strong> \u2192 El presente pesa mucho. Tenemos m\u00e1s est\u00edmulos para gastar dinero ahora que para guardar dinero para necesidades\u00a0 futuras.<\/td>\n<\/tr>\n<tr>\n<td width=\"308\"><strong>El exceso de optimismo<\/strong>: nos hace sobreestimar los beneficios de nuestras decisiones y subestimar los costes.<\/td>\n<td width=\"308\"><strong>Exceso de endeudamiento<\/strong> \u2192 Creemos que la cuota es asumible y no vemos tanto la duraci\u00f3n de la deuda y el dinero que acabaremos pagando realmente.<\/td>\n<\/tr>\n<tr>\n<td width=\"308\"><strong>El miedo a perder<\/strong>: nos empuja a no correr riesgos, aunque las opciones de ganar sean elevadas. Nos afecta m\u00e1s perder que ganar.<\/td>\n<td width=\"308\"><strong>Perder una buena oportunidad de negocio<\/strong> \u2192 Si tenemos un negocio y surge una oportunidad que nos puede hacer ganar 10.000 euros o perder 3.000 euros, la mayor\u00eda la rechazaremos porque el miedo a perder pesa el doble que la confianza en ganar.<\/td>\n<\/tr>\n<tr>\n<td width=\"308\"><strong>El dinero f\u00e1cil<\/strong>: hace que valoramos menos las cosas que nos han costado menos de ganar. Administramos con m\u00e1s cuidado aquellas cosas que nos han supuesto m\u00e1s esfuerzo conseguir.<\/td>\n<td width=\"308\"><strong>Malgastar un premio de loter\u00eda<\/strong> \u2192 Es m\u00e1s f\u00e1cil malgastar 10.000 euros ganados en un juego de azar que 10.000 euros ganados trabajando, pero en ambos casos se trata de 10.000 euros. El origen del dinero condiciona el gasto.<\/td>\n<\/tr>\n<tr>\n<td width=\"308\"><strong>Las comparaciones<\/strong>: condicionan mucho nuestras decisiones cuando establecemos comparaciones con un punto de referencia o \u00abancla\u00bb que nuestra mente ha escogido de manera arbitraria. Eso nos puede hacer muy manipulables y vulnerables a la hora de decidir.<\/td>\n<td width=\"308\"><strong>Pagar precios elevados<\/strong> \u2192 Si un <em>smartphone<\/em> de 600 euros es nuestra \u00abancla\u00bb, podemos acabar pagando 350 euros por un aparato creyendo que compramos barato.<\/td>\n<\/tr>\n<tr>\n<td width=\"308\"><strong>\u00abLo de toda la vida\u00bb<\/strong>: cuando siempre hemos hecho lo mismo nos cuesta atrevernos a cambiar el estado actual de las cosas o <em>statu quo<\/em>. La inercia de hacer siempre lo mismo es muy grande.<\/td>\n<td width=\"308\"><strong>No cambiar de trabajo<\/strong> \u2192 Ante un posible cambio de trabajo, tendemos a ver m\u00e1s los inconvenientes y los riesgos que las ventajas y las oportunidades.<\/td>\n<\/tr>\n<\/tbody>\n<\/table>\n<p><strong>Cuestionario 4. \u00bfEn qu\u00e9 trampas caes m\u00e1s habitualmente?<\/strong><\/p>\n<p><a href=\"https:\/\/goo.gl\/forms\/uRoo5SiLKRmYWVN82\" target=\"_blank\" rel=\"noopener\">Clicar aqu\u00ed para realizar el cuestionario.<\/a><\/p>\n<div class=\"featured featured-blue\"><p><strong>Idea<\/strong><\/p>\n<p>Es importante aprender a <strong>cuestionar nuestras creencias<\/strong> y tambi\u00e9n <strong>saber evitar las trampas psicol\u00f3gicas<\/strong> que nos pueden hacer tomar malas decisiones con nuestro dinero.<\/p>\n<p>\n<\/div>\n<p><strong>Ejercicio 2. \u00bfHas ca\u00eddo en la trampa?<\/strong><\/p>\n<p>Para reflexionar sobre las trampas econ\u00f3micas que nos encontramos en nuestra vida cotidiana, responde el cuestionario siguiente.<\/p>\n<p><a href=\"https:\/\/goo.gl\/forms\/JrrmheFCaYoeHPjv1\" target=\"_blank\" rel=\"noopener\">Clicar aqu\u00ed para realizar el ejercicio.<\/a><\/p>\n","protected":false},"excerpt":{"rendered":"<p>Hay una disciplina acad\u00e9mica donde se re\u00fanen la psicolog\u00eda y la econom\u00eda \u2014con ganadores del Premio Nobel de Econom\u00eda como Daniel Kahneman y Richard Thaler\u2014 que estudia por qu\u00e9 tomamos las decisiones que tomamos ante el dinero, y lo que demuestran es que nuestro comportamiento es bastante poco racional. Las emociones y las creencias nos [&hellip;]<\/p>\n","protected":false},"author":1,"featured_media":0,"parent":0,"menu_order":15,"comment_status":"closed","ping_status":"closed","template":"","meta":[],"_links":{"self":[{"href":"http:\/\/educacio-economica-recursos-test.uoc.edu\/es\/wp-json\/wp\/v2\/pages\/26"}],"collection":[{"href":"http:\/\/educacio-economica-recursos-test.uoc.edu\/es\/wp-json\/wp\/v2\/pages"}],"about":[{"href":"http:\/\/educacio-economica-recursos-test.uoc.edu\/es\/wp-json\/wp\/v2\/types\/page"}],"author":[{"embeddable":true,"href":"http:\/\/educacio-economica-recursos-test.uoc.edu\/es\/wp-json\/wp\/v2\/users\/1"}],"replies":[{"embeddable":true,"href":"http:\/\/educacio-economica-recursos-test.uoc.edu\/es\/wp-json\/wp\/v2\/comments?post=26"}],"version-history":[{"count":14,"href":"http:\/\/educacio-economica-recursos-test.uoc.edu\/es\/wp-json\/wp\/v2\/pages\/26\/revisions"}],"predecessor-version":[{"id":540,"href":"http:\/\/educacio-economica-recursos-test.uoc.edu\/es\/wp-json\/wp\/v2\/pages\/26\/revisions\/540"}],"wp:attachment":[{"href":"http:\/\/educacio-economica-recursos-test.uoc.edu\/es\/wp-json\/wp\/v2\/media?parent=26"}],"curies":[{"name":"wp","href":"https:\/\/api.w.org\/{rel}","templated":true}]}}