{"id":19,"date":"2018-10-08T14:36:12","date_gmt":"2018-10-08T12:36:12","guid":{"rendered":"http:\/\/educacio-economica-recursos-test.uoc.edu\/?page_id=19"},"modified":"2019-03-01T12:49:04","modified_gmt":"2019-03-01T10:49:04","slug":"1-1-2-como-te-puede-ayudar-este-curso","status":"publish","type":"page","link":"http:\/\/educacio-economica-recursos-test.uoc.edu\/es\/1-1-2-como-te-puede-ayudar-este-curso\/","title":{"rendered":"1.1.2. \u00bfC\u00f3mo te puede ayudar este curso?"},"content":{"rendered":"<p>La educaci\u00f3n econ\u00f3mica es una herramienta que <strong>te puede ayudar a mejorar la gesti\u00f3n de tu econom\u00eda personal y familiar<\/strong>:<\/p>\n<ul>\n<li>Mejorando tu <strong>comprensi\u00f3n de conceptos econ\u00f3micos y financieros b\u00e1sicos<\/strong>. <strong>Desarrollando capacidades y confianza<\/strong> para volverte m\u00e1s consciente de los riesgos y las oportunidades.<\/li>\n<li><strong>Tomando decisiones informadas<\/strong>.<\/li>\n<li>Sabiendo d\u00f3nde ir a <strong>buscar ayuda<\/strong>.<\/li>\n<li>Emprendiendo acciones efectivas para <strong>mejorar tu bienestar<\/strong> y seguridad.<\/li>\n<\/ul>\n<p>Para conseguirlo, en el presente curso <strong>te proponemos los siguientes objetivos<\/strong>:<\/p>\n<ul>\n<li>Alcanzar un <strong>autoconocimiento sobre c\u00f3mo gestionas tu econom\u00eda<\/strong>.<\/li>\n<li><strong>Hacer un presupuesto para poder reflexionar y tomar decisiones<\/strong>.<\/li>\n<li>No olvidar nunca <strong>la importancia de los ingresos<\/strong>.<\/li>\n<li>Aprender a <strong>priorizar gastos<\/strong>.<\/li>\n<li>Establecer <strong>objetivos de ahorro<\/strong>.<\/li>\n<li><strong>Evitar el sobreendeudamiento<\/strong>.<\/li>\n<li><strong>Pensar en el futuro<\/strong>.<\/li>\n<\/ul>\n<p>Cada uno de estos objetivos <strong>los pondr\u00e1s en pr\u00e1ctica por medio de ejercicios sencillos<\/strong> que te permitir\u00e1n reflexionar, desarrollar un <strong>esp\u00edritu cr\u00edtico<\/strong> y, finalmente, mantener <strong>criterios personales en la gesti\u00f3n de tu econom\u00eda<\/strong>.<\/p>\n<div class=\"featured featured-blue\"><p><strong>Idea<\/strong><\/p>\n<p>Este curso te ayudar\u00e1 a mejorar la gesti\u00f3n de tu econom\u00eda personal y familiar, por medio de la incorporaci\u00f3n de nuevos h\u00e1bitos que pueden tener un efecto importante sobre tu situaci\u00f3n econ\u00f3mica y tu bienestar.<\/p>\n<p>\n<\/div>\n<h4><strong>Cuestionario 1. Eval\u00faa la gesti\u00f3n que haces de tu econom\u00eda<\/strong><\/h4>\n<p><a href=\"https:\/\/goo.gl\/forms\/c4mDI9M4cTewNRF72\" target=\"_blank\" rel=\"noopener\">Clicar aqu\u00ed para realizar el cuestionario.<\/a><\/p>\n<h4><strong>Ejercicio 1. \u00a1Me ha tocado la loter\u00eda!<\/strong><\/h4>\n<p>Para reflexionar sobre la importancia de mejorar la gesti\u00f3n de tu econom\u00eda y de establecer criterios que te orienten en el uso que haces del dinero, ahora har\u00e1s un ejercicio que posiblemente todas las personas hemos hecho alguna vez: imaginar qu\u00e9 har\u00edas si te tocara la loter\u00eda.<\/p>\n<p><a href=\"https:\/\/goo.gl\/forms\/S5W8P5jvIPtWNlWJ3\" target=\"_blank\" rel=\"noopener\">Clicar aqu\u00ed para realizar el ejercicio.<\/a><\/p>\n","protected":false},"excerpt":{"rendered":"<p>La educaci\u00f3n econ\u00f3mica es una herramienta que te puede ayudar a mejorar la gesti\u00f3n de tu econom\u00eda personal y familiar: Mejorando tu comprensi\u00f3n de conceptos econ\u00f3micos y financieros b\u00e1sicos. Desarrollando capacidades y confianza para volverte m\u00e1s consciente de los riesgos y las oportunidades. Tomando decisiones informadas. Sabiendo d\u00f3nde ir a buscar ayuda. Emprendiendo acciones efectivas [&hellip;]<\/p>\n","protected":false},"author":1,"featured_media":0,"parent":0,"menu_order":7,"comment_status":"closed","ping_status":"closed","template":"","meta":[],"_links":{"self":[{"href":"http:\/\/educacio-economica-recursos-test.uoc.edu\/es\/wp-json\/wp\/v2\/pages\/19"}],"collection":[{"href":"http:\/\/educacio-economica-recursos-test.uoc.edu\/es\/wp-json\/wp\/v2\/pages"}],"about":[{"href":"http:\/\/educacio-economica-recursos-test.uoc.edu\/es\/wp-json\/wp\/v2\/types\/page"}],"author":[{"embeddable":true,"href":"http:\/\/educacio-economica-recursos-test.uoc.edu\/es\/wp-json\/wp\/v2\/users\/1"}],"replies":[{"embeddable":true,"href":"http:\/\/educacio-economica-recursos-test.uoc.edu\/es\/wp-json\/wp\/v2\/comments?post=19"}],"version-history":[{"count":10,"href":"http:\/\/educacio-economica-recursos-test.uoc.edu\/es\/wp-json\/wp\/v2\/pages\/19\/revisions"}],"predecessor-version":[{"id":537,"href":"http:\/\/educacio-economica-recursos-test.uoc.edu\/es\/wp-json\/wp\/v2\/pages\/19\/revisions\/537"}],"wp:attachment":[{"href":"http:\/\/educacio-economica-recursos-test.uoc.edu\/es\/wp-json\/wp\/v2\/media?parent=19"}],"curies":[{"name":"wp","href":"https:\/\/api.w.org\/{rel}","templated":true}]}}