{"id":166,"date":"2018-11-28T14:34:01","date_gmt":"2018-11-28T12:34:01","guid":{"rendered":"http:\/\/educacio-economica-recursos-test.uoc.edu\/?page_id=166"},"modified":"2019-03-01T12:53:20","modified_gmt":"2019-03-01T10:53:20","slug":"1-2-2-las-decisiones-economicas-y-los-roles-de-genero","status":"publish","type":"page","link":"http:\/\/educacio-economica-recursos-test.uoc.edu\/es\/1-2-2-las-decisiones-economicas-y-los-roles-de-genero\/","title":{"rendered":"1.2.2. Las decisiones econ\u00f3micas y los roles de g\u00e9nero"},"content":{"rendered":"<p>\u00bfGestionas tu propia econom\u00eda? \u00bfQui\u00e9n aporta m\u00e1s dinero en casa? \u00bfQui\u00e9n toma las decisiones sobre los gastos dom\u00e9sticos? \u00bfTiendes a delegar cuestiones econ\u00f3micas en tu pareja? \u00bfConsideras que tu pareja est\u00e1 m\u00e1s, menos o igual capacitada que t\u00fa para tomar ciertas decisiones econ\u00f3micas? \u00bfEncuentras dificultades o limitaciones para compatibilizar el cuidado de los hijos con el trabajo?<\/p>\n<p>En nuestra sociedad, todav\u00eda hoy contin\u00faan existiendo prejuicios que refuerzan una serie de roles (tareas, funciones y comportamientos) diferenciados para hombres y mujeres por el simple hecho de pertenecer a un sexo o al otro. Concretamente:<\/p>\n<ul>\n<li>Las mujeres tienen pr\u00e1cticamente toda la responsabilidad de los trabajos dom\u00e9sticos y de cuidado de las personas en el entorno familiar. Son trabajos imprescindibles para la vida pero no se ven, no se reconocen, no se visibilizan y no se valoran, ni socialmente ni econ\u00f3micamente.<\/li>\n<li>Aunque las mujeres se han incorporado masivamente al mercado laboral, todav\u00eda hoy contin\u00faan teniendo muchas trabas y obst\u00e1culos para conseguir una igualdad de g\u00e9nero real y llena en el \u00e1mbito laboral.<\/li>\n<\/ul>\n<p>Estos roles de g\u00e9nero influyen en el comportamiento y en las din\u00e1micas econ\u00f3micas de los hogares lo que, frecuentemente, provoca la p\u00e9rdida de poder adquisitivo o de autonom\u00eda econ\u00f3mica de las mujeres. A continuaci\u00f3n, veremos algunos ejemplos:<\/p>\n<ul>\n<li><strong>Ingresos principales y secundarios: <\/strong>todav\u00eda hoy contin\u00faa estando muy presente la creencia de que los hombres tienen que aportar m\u00e1s dinero en casa que las mujeres. Sumado a esto, cuando las mujeres participan en el mercado laboral, muy a menudo su trabajo es poco valorado y est\u00e1 peor remunerado.<\/li>\n<li><strong>Trabajos de cuidado y p\u00e9rdida de ingresos personales de las mujeres:<\/strong> muchas veces las mujeres optan por hacer jornadas a tiempo parcial o bien dejan su trabajo para poder cuidar de sus hijos o de otra persona de la familia. Estas estrategias que benefician a toda la familia (y que generalmente no son asumidas por los hombres) ocasionan una p\u00e9rdida de los ingresos personales de las mujeres en el presente y una reducci\u00f3n de sus prestaciones en el futuro (como el paro y la jubilaci\u00f3n).<\/li>\n<li><strong>Gesti\u00f3n diferenciada de la econom\u00eda familiar:<\/strong> frecuentemente la participaci\u00f3n de las mujeres y de los hombres en la gesti\u00f3n econ\u00f3mica de los hogares puede ser desigual, en funci\u00f3n de las creencias de g\u00e9nero. Por ejemplo, puede pasar que ellas controlen m\u00e1s los gastos dom\u00e9sticos del d\u00eda a d\u00eda y ellos los grandes gastos, como la compra de un coche o la contrataci\u00f3n de productos financieros (gastos que a la larga tienen una mayor repercusi\u00f3n en la econom\u00eda de toda la familia).<\/li>\n<\/ul>\n<p><strong>Cuestionario 3. \u00bfEst\u00e1s de acuerdo con estas creencias de g\u00e9nero sobre la econom\u00eda familiar?<\/strong><\/p>\n<p><a href=\"https:\/\/goo.gl\/forms\/seGDmP3rlXoT2M3f1\" target=\"_blank\" rel=\"noopener\">Clicar aqu\u00ed para realizar el cuestionario.<\/a><\/p>\n<p><div class=\"featured featured-blue\"><p><strong>Idea<\/strong><\/p>\n<p>A veces las mujeres no se sienten legitimadas para gestionar su econom\u00eda personal y familiar ni capaces de hacerlo. Si eres mujer, toma el control de tus recursos econ\u00f3micos; tal y como podr\u00e1s comprobar, tiene muchas ventajas.<\/p>\n<p>Es importante cuestionar los roles de g\u00e9nero y aprender a identificar c\u00f3mo estos pueden condicionar nuestro presente y nuestro futuro econ\u00f3mico personal y familiar.<\/p>\n<p>Es imprescindible avanzar hacia una sociedad en la que el trabajo dom\u00e9stico y de cuidado de personas tenga reconocimiento (social y econ\u00f3mico) y no sea una responsabilidad pr\u00e1cticamente exclusiva de las mujeres.<\/p>\n<\/div><br \/>\n<img loading=\"lazy\" class=\"aligncenter size-full wp-image-28\" src=\"\/wp-content\/uploads\/2018\/10\/edu_econom_01.jpg\" alt=\"\" width=\"607\" height=\"397\" srcset=\"\/wp-content\/uploads\/2018\/10\/edu_econom_01.jpg 607w, \/wp-content\/uploads\/2018\/10\/edu_econom_01-300x196.jpg 300w\" sizes=\"(max-width: 607px) 100vw, 607px\" \/><\/p>\n","protected":false},"excerpt":{"rendered":"<p>\u00bfGestionas tu propia econom\u00eda? \u00bfQui\u00e9n aporta m\u00e1s dinero en casa? \u00bfQui\u00e9n toma las decisiones sobre los gastos dom\u00e9sticos? \u00bfTiendes a delegar cuestiones econ\u00f3micas en tu pareja? \u00bfConsideras que tu pareja est\u00e1 m\u00e1s, menos o igual capacitada que t\u00fa para tomar ciertas decisiones econ\u00f3micas? \u00bfEncuentras dificultades o limitaciones para compatibilizar el cuidado de los hijos con [&hellip;]<\/p>\n","protected":false},"author":1,"featured_media":0,"parent":0,"menu_order":13,"comment_status":"closed","ping_status":"closed","template":"","meta":[],"_links":{"self":[{"href":"http:\/\/educacio-economica-recursos-test.uoc.edu\/es\/wp-json\/wp\/v2\/pages\/166"}],"collection":[{"href":"http:\/\/educacio-economica-recursos-test.uoc.edu\/es\/wp-json\/wp\/v2\/pages"}],"about":[{"href":"http:\/\/educacio-economica-recursos-test.uoc.edu\/es\/wp-json\/wp\/v2\/types\/page"}],"author":[{"embeddable":true,"href":"http:\/\/educacio-economica-recursos-test.uoc.edu\/es\/wp-json\/wp\/v2\/users\/1"}],"replies":[{"embeddable":true,"href":"http:\/\/educacio-economica-recursos-test.uoc.edu\/es\/wp-json\/wp\/v2\/comments?post=166"}],"version-history":[{"count":11,"href":"http:\/\/educacio-economica-recursos-test.uoc.edu\/es\/wp-json\/wp\/v2\/pages\/166\/revisions"}],"predecessor-version":[{"id":538,"href":"http:\/\/educacio-economica-recursos-test.uoc.edu\/es\/wp-json\/wp\/v2\/pages\/166\/revisions\/538"}],"wp:attachment":[{"href":"http:\/\/educacio-economica-recursos-test.uoc.edu\/es\/wp-json\/wp\/v2\/media?parent=166"}],"curies":[{"name":"wp","href":"https:\/\/api.w.org\/{rel}","templated":true}]}}