{"id":16,"date":"2018-10-08T13:37:22","date_gmt":"2018-10-08T11:37:22","guid":{"rendered":"http:\/\/educacio-economica-recursos-test.uoc.edu\/?page_id=16"},"modified":"2019-03-01T12:49:03","modified_gmt":"2019-03-01T10:49:03","slug":"1-1-1-por-que-es-necesario-este-curso","status":"publish","type":"page","link":"http:\/\/educacio-economica-recursos-test.uoc.edu\/es\/1-1-1-por-que-es-necesario-este-curso\/","title":{"rendered":"1.1.1. \u00bfPor qu\u00e9 es necesario este curso?"},"content":{"rendered":"<blockquote><p>El dinero te controla a ti cuando t\u00fa no controlas tu dinero.<\/p><\/blockquote>\n<p>&nbsp;<\/p>\n<ul>\n<li>En una mayor\u00eda de hogares se producen <strong>grandes tensiones econ\u00f3micas<\/strong> por la precariedad de los ingresos y por el aumento continuado del precio de gastos fundamentales como la vivienda, los suministros, el transporte y muchos art\u00edculos b\u00e1sicos.<\/li>\n<li>Vivimos en una sociedad que ejerce una gran <strong>presi\u00f3n para estimularnos a consumir<\/strong> m\u00e1s all\u00e1 de nuestras necesidades y tambi\u00e9n de nuestras posibilidades.<\/li>\n<li><strong>La educaci\u00f3n econ\u00f3mica es muy escasa<\/strong>. No est\u00e1 plenamente incorporada en el curr\u00edculum escolar, y los programas de formaci\u00f3n existentes est\u00e1n gestionados mayoritariamente por el sector bancario y financiero, y tienen un escaso impacto en la poblaci\u00f3n. Al menos un 70 % de las personas admiten que habr\u00edan tomado decisiones m\u00e1s responsables con su dinero si hubieran recibido m\u00e1s formaci\u00f3n sobre econom\u00eda y finanzas.<\/li>\n<\/ul>\n<p>Por tanto, vivimos en un <strong>contexto de importantes tensiones econ\u00f3micas<\/strong> en los hogares barceloneses, y en la mayor\u00eda de casos <strong>no disponemos de los conocimientos, las herramientas y el apoyo<\/strong> que nos permitir\u00edan gestionar adecuadamente esta situaci\u00f3n ni tomar las mejores decisiones para superarla.<\/p>\n<div class=\"featured featured-blue\"><p><strong>El efecto psicol\u00f3gico de las dificultades econ\u00f3micas<\/strong><\/p>\n<p>Los problemas econ\u00f3micos son <strong>una de las principales causas de ansiedad y estr\u00e9s en las personas<\/strong>. Est\u00e1 demostrado que eso disminuye nuestra capacidad de encontrar soluciones, lo que afecta de manera negativa a nuestras <strong>relaciones personales y familiares<\/strong>, y dificulta nuestro <strong>desarrollo personal y laboral<\/strong>.<\/p>\n<\/div>\n<p>&nbsp;<\/p>\n","protected":false},"excerpt":{"rendered":"<p>El dinero te controla a ti cuando t\u00fa no controlas tu dinero. &nbsp; En una mayor\u00eda de hogares se producen grandes tensiones econ\u00f3micas por la precariedad de los ingresos y por el aumento continuado del precio de gastos fundamentales como la vivienda, los suministros, el transporte y muchos art\u00edculos b\u00e1sicos. Vivimos en una sociedad que [&hellip;]<\/p>\n","protected":false},"author":1,"featured_media":0,"parent":0,"menu_order":5,"comment_status":"closed","ping_status":"closed","template":"","meta":[],"_links":{"self":[{"href":"http:\/\/educacio-economica-recursos-test.uoc.edu\/es\/wp-json\/wp\/v2\/pages\/16"}],"collection":[{"href":"http:\/\/educacio-economica-recursos-test.uoc.edu\/es\/wp-json\/wp\/v2\/pages"}],"about":[{"href":"http:\/\/educacio-economica-recursos-test.uoc.edu\/es\/wp-json\/wp\/v2\/types\/page"}],"author":[{"embeddable":true,"href":"http:\/\/educacio-economica-recursos-test.uoc.edu\/es\/wp-json\/wp\/v2\/users\/1"}],"replies":[{"embeddable":true,"href":"http:\/\/educacio-economica-recursos-test.uoc.edu\/es\/wp-json\/wp\/v2\/comments?post=16"}],"version-history":[{"count":7,"href":"http:\/\/educacio-economica-recursos-test.uoc.edu\/es\/wp-json\/wp\/v2\/pages\/16\/revisions"}],"predecessor-version":[{"id":468,"href":"http:\/\/educacio-economica-recursos-test.uoc.edu\/es\/wp-json\/wp\/v2\/pages\/16\/revisions\/468"}],"wp:attachment":[{"href":"http:\/\/educacio-economica-recursos-test.uoc.edu\/es\/wp-json\/wp\/v2\/media?parent=16"}],"curies":[{"name":"wp","href":"https:\/\/api.w.org\/{rel}","templated":true}]}}