{"id":13,"date":"2018-10-08T13:36:54","date_gmt":"2018-10-08T11:36:54","guid":{"rendered":"http:\/\/educacio-economica-recursos-test.uoc.edu\/?page_id=13"},"modified":"2019-03-01T12:49:01","modified_gmt":"2019-03-01T10:49:01","slug":"introduccion","status":"publish","type":"page","link":"http:\/\/educacio-economica-recursos-test.uoc.edu\/es\/","title":{"rendered":"Introducci\u00f3n"},"content":{"rendered":"<p>El programa de educaci\u00f3n econ\u00f3mica del Ayuntamiento de Barcelona tiene como objetivo proporcionar <strong>conocimientos b\u00e1sicos sobre la gesti\u00f3n de la econom\u00eda personal y familiar<\/strong>, informar sobre los <strong>recursos y ayudas existentes en la ciudad de Barcelona<\/strong> y ofrecer un <strong>acompa\u00f1amiento personalizado<\/strong> que contribuya a mejorar las condiciones de vida de las personas.<\/p>\n<p>A partir de un <strong>enfoque din\u00e1mico y participativo<\/strong>, este curso <strong>estimula la reflexi\u00f3n y facilita herramientas para mejorar la gesti\u00f3n de la econom\u00eda personal y familiar<\/strong>, priorizar gastos, limitar el endeudamiento y crear h\u00e1bitos de ahorro y consumo responsable, entre otros.<\/p>\n<p>M\u00e1s all\u00e1 de los conocimientos pr\u00e1cticos, se pretende estimular el <strong>empoderamiento de las personas participantes<\/strong> ante estas cuestiones que tanto les afectan a ellas y a su comunidad.<\/p>\n<p>En este material encontrar\u00e1s:<\/p>\n<ul>\n<li><strong>Ejercicios<\/strong>: Los estudiantes los tienen que resolver individualmente.<\/li>\n<li><strong>Cuestionarios<\/strong>: Los estudiantes los tienen que resolver individualmente.<\/li>\n<li><strong>Idea<\/strong>: Al final de cada apartado encontrar\u00e1s una idea destacada para recordar.<\/li>\n<\/ul>\n<p><a href=\"https:\/\/goo.gl\/forms\/UhLTF4oq0whZcqEb2\" target=\"_blank\" rel=\"noopener\">Test de salud econ\u00f3mica.<\/a><\/p>\n","protected":false},"excerpt":{"rendered":"<p>El programa de educaci\u00f3n econ\u00f3mica del Ayuntamiento de Barcelona tiene como objetivo proporcionar conocimientos b\u00e1sicos sobre la gesti\u00f3n de la econom\u00eda personal y familiar, informar sobre los recursos y ayudas existentes en la ciudad de Barcelona y ofrecer un acompa\u00f1amiento personalizado que contribuya a mejorar las condiciones de vida de las personas. A partir de [&hellip;]<\/p>\n","protected":false},"author":1,"featured_media":0,"parent":0,"menu_order":2,"comment_status":"closed","ping_status":"closed","template":"","meta":[],"_links":{"self":[{"href":"http:\/\/educacio-economica-recursos-test.uoc.edu\/es\/wp-json\/wp\/v2\/pages\/13"}],"collection":[{"href":"http:\/\/educacio-economica-recursos-test.uoc.edu\/es\/wp-json\/wp\/v2\/pages"}],"about":[{"href":"http:\/\/educacio-economica-recursos-test.uoc.edu\/es\/wp-json\/wp\/v2\/types\/page"}],"author":[{"embeddable":true,"href":"http:\/\/educacio-economica-recursos-test.uoc.edu\/es\/wp-json\/wp\/v2\/users\/1"}],"replies":[{"embeddable":true,"href":"http:\/\/educacio-economica-recursos-test.uoc.edu\/es\/wp-json\/wp\/v2\/comments?post=13"}],"version-history":[{"count":4,"href":"http:\/\/educacio-economica-recursos-test.uoc.edu\/es\/wp-json\/wp\/v2\/pages\/13\/revisions"}],"predecessor-version":[{"id":536,"href":"http:\/\/educacio-economica-recursos-test.uoc.edu\/es\/wp-json\/wp\/v2\/pages\/13\/revisions\/536"}],"wp:attachment":[{"href":"http:\/\/educacio-economica-recursos-test.uoc.edu\/es\/wp-json\/wp\/v2\/media?parent=13"}],"curies":[{"name":"wp","href":"https:\/\/api.w.org\/{rel}","templated":true}]}}